{"id":802,"date":"2016-04-17T21:43:15","date_gmt":"2016-04-17T20:43:15","guid":{"rendered":"https:\/\/parcolab.univ-tlse2.fr\/?page_id=802"},"modified":"2017-08-02T12:14:45","modified_gmt":"2017-08-02T11:14:45","slug":"liens","status":"publish","type":"page","link":"https:\/\/parcolab.univ-tlse2.fr\/sr\/about-2\/liens\/","title":{"rendered":"Liens"},"content":{"rendered":"<p class=\"lead\">Depuis cette page, vous pouvez acc\u00e9der aux sites de la grande majorit\u00e9 des \u00e9tablissements relevant de secteurs d&#8217;activit\u00e9s vari\u00e9s, qui ont contribu\u00e9, chacun \u00e0 sa fa\u00e7on, \u00e0 la constitution du corpus parall\u00e8le ParCoLab.<\/p>\n<p>&nbsp;<\/p>\n<h3><strong><span style=\"color: #666699;\">Sponsors<\/span><\/strong><\/h3>\n<p>&nbsp;<\/p>\n\r\n\t<style type=\"text\/css\">\r\n\t\t\t\t\t#lcsp_wrapper_1349000300 #lcsp_logo_carousel_slider .owl-buttons { position: absolute; right: 0; top: -34px; } \r\n\t\t\t#lcsp_wrapper_1349000300 #lcsp_logo_carousel_slider .owl-buttons div { background: #ffffff; border-radius: 2px; margin: 2px; padding: 0; width: 27px; height: 27px; line-height: 20px; font-size: 22px; opacity: 1; color: #ccc; border: 1px solid #ccc; z-index: 999; -moz-transition: all 0.3s linear; -o-transition: all 0.3s linear; -webkit-transition: all 0.3s linear; transition: all 0.3s linear; }\r\n\t\t\t\t\t\t\t#lcsp_wrapper_1349000300 .lcsp_logo_container a.lcsp_logo_link { border: 1px solid #d6d4d4; }\r\n\t\t\t\t\t\t\t#lcsp_wrapper_1349000300 .lcsp_logo_container a.lcsp_logo_link:hover { border: 1px solid #A0A0A0; }\r\n\t\t\t#lcsp_wrapper_1349000300 .lcsp_logo_container a:hover img { -moz-transform: scale(1.05,1.05); -webkit-transform: scale(1.05,1.05); -o-transform: scale(1.05,1.05); -ms-transform: scale(1.05,1.05); transform: scale(1.05,1.05); }\r\n\t\t\t\t#lcsp_wrapper_1349000300 #lcsp_logo_carousel_slider .owl-buttons div:hover { background: #ffffff; color: #A0A0A0; border: 1px solid #A0A0A0; }\r\n\t\t#lcsp_wrapper_1349000300 h2.lcsp_logo_carousel_slider_title { font-size: 22px; color: #666699; }\r\n\t\t#lcsp_wrapper_1349000300 h3.lcsp_logo_title { font-size: 14px!important; color: #444!important; }\r\n\t\t#lcsp_wrapper_1349000300 h3.lcsp_logo_title:hover { color: #808080!important; }\r\n\t\t.tooltipster-lcsp-1567541334 { border-radius: 3px; color: #ffffff!important; background-color: #666666!important; }\r\n\t\t.tooltipster-lcsp-1567541334 .tooltipster-content { font-family: Arial, sans-serif; font-size: 14px; line-height: 16px; padding: 8px 12px; font-size: 14px!important; }\r\n\t\t#lcsp_wrapper_1349000300 #lcsp_logo_carousel_slider .owl-controls .owl-page span { background: #666666!important; }\r\n\t\t#lcsp_wrapper_1349000300 #lcsp_logo_carousel_slider .owl-controls .owl-page span.owl-numbers { background: #666666!important; }\r\n\t<\/style>\r\n\r\n\t<div id=\"lcsp_wrapper_1349000300\">\r\n\r\n\t\t\r\n\t\t<div id=\"lcsp_logo_carousel_slider\" class=\"owl-carousel lcsp_logo_carousel_slider_1349000300\">\r\n\t\t    \t\t        \t        \t<div class=\"lcsp_logo_container\">\r\n\t        \t  \t\t            <a href=\"http:\/\/www.univ-tlse2.fr\" class=\"lcsp_logo_link\" target=\"_blank\">\r\n\t\t            \t<img decoding=\"async\" src=\"https:\/\/parcolab.univ-tlse2.fr\/wp-content\/uploads\/2016\/04\/Universite-Jean-jaures-LOGO-e1482160354314.jpg\" alt=\"\" class=\"lcsp_tooltip_1567541334\"  \/>\t\t            <\/a>\r\n\t\t          \t\t          \t\t\t          \t\t\t            \t<a href=\"http:\/\/www.univ-tlse2.fr\" target=\"_blank\"><h3 class=\"lcsp_logo_title\">Universit\u00e9 Toulouse 2<\/h3><\/a>\r\n\t\t\t          \t\t          \t            <\/div> \t            \r\n\t\t    \t\t        \t        \t<div class=\"lcsp_logo_container\">\r\n\t        \t  \t\t            <a href=\"http:\/\/w3.erss.univ-tlse2.fr\" class=\"lcsp_logo_link\" target=\"_blank\">\r\n\t\t            \t<img decoding=\"async\" src=\"https:\/\/parcolab.univ-tlse2.fr\/wp-content\/uploads\/2015\/02\/logo-errs-cle.png\" alt=\"\" class=\"lcsp_tooltip_1567541334\"  \/>\t\t            <\/a>\r\n\t\t          \t\t          \t\t\t          \t\t\t            \t<a href=\"http:\/\/w3.erss.univ-tlse2.fr\" target=\"_blank\"><h3 class=\"lcsp_logo_title\">Laboratoire CLLE-ERSS<\/h3><\/a>\r\n\t\t\t          \t\t          \t            <\/div> \t            \r\n\t\t    \t\t        \t        \t<div class=\"lcsp_logo_container\">\r\n\t        \t  \t\t            <a href=\"http:\/\/www.cnrs.fr\" class=\"lcsp_logo_link\" target=\"_blank\">\r\n\t\t            \t<img decoding=\"async\" src=\"https:\/\/parcolab.univ-tlse2.fr\/wp-content\/uploads\/2016\/04\/cnrs-e1460927181682.jpg\" alt=\"\" class=\"lcsp_tooltip_1567541334\"  \/>\t\t            <\/a>\r\n\t\t          \t\t          \t\t\t          \t\t\t            \t<a href=\"http:\/\/www.cnrs.fr\" target=\"_blank\"><h3 class=\"lcsp_logo_title\">CNRS<\/h3><\/a>\r\n\t\t\t          \t\t          \t            <\/div> \t            \r\n\t\t    \t\t    \t\t<\/div> <!-- End lcsp_logo_carousel_slider -->\r\n\t<\/div> <!-- End lcsp_wrapper -->\r\n\r\n\r\n\t<script type=\"text\/javascript\">\r\n\t\tjQuery(document).ready(function($) {\r\n\t\t  jQuery(\".lcsp_logo_carousel_slider_1349000300\").owlCarousel({\r\n\t\t\t\tautoPlay: 4000, \r\n\t\t\t\titems : 5,\r\n\t\t\t\titemsDesktop: [1199,4],\r\n\t\t\t\titemsTablet : [768,3],\r\n\t\t\t\titemsMobile : [479,2],\r\n\t\t\t\tslideSpeed : 800,\t\t\t\t\r\n\t\t\t\tstopOnHover : true,\r\n\t\t\t\tpagination : true,\r\n\t\t\t\tpaginationNumbers: false,\r\n\t\t\t\tscrollPerPage: false,\r\n\t\t\t\tnavigation : true,\r\n\t\t\t\tnavigationText : [\"\u2039\",\"\u203a\"],\t\t\r\n\t\t\t\t\r\n\t\t  });\r\n\t\t  jQuery(\".lcsp_tooltip_1567541334\").tooltipster({\r\n\t\t\t   theme: \"tooltipster-lcsp-1567541334\",\r\n\t\t\t   animation: \"grow\",\r\n\t\t\t   delay: 200,\r\n\t\t\t   trigger: \"hover\"\r\n\t\t  });\r\n\t\t});\r\n\t<\/script>\n<p>&nbsp;<\/p>\n<h3><strong><span style=\"color: #666699;\">Maisons d&#8217;\u00e9dition partenaires du projet<\/span><\/strong><\/h3>\n<p>&nbsp;<\/p>\n\r\n\t<style type=\"text\/css\">\r\n\t\t\t\t\t#lcsp_wrapper_949625156 #lcsp_logo_carousel_slider .owl-buttons { position: absolute; right: 0; top: -34px; } \r\n\t\t\t#lcsp_wrapper_949625156 #lcsp_logo_carousel_slider .owl-buttons div { background: #ffffff; border-radius: 2px; margin: 2px; padding: 0; width: 27px; height: 27px; line-height: 20px; font-size: 22px; opacity: 1; color: #ccc; border: 1px solid #ccc; z-index: 999; -moz-transition: all 0.3s linear; -o-transition: all 0.3s linear; -webkit-transition: all 0.3s linear; transition: all 0.3s linear; }\r\n\t\t\t\t\t\t\t#lcsp_wrapper_949625156 .lcsp_logo_container a.lcsp_logo_link { border: 1px solid #d6d4d4; }\r\n\t\t\t\t\t\t\t#lcsp_wrapper_949625156 .lcsp_logo_container a.lcsp_logo_link:hover { border: 1px solid #A0A0A0; }\r\n\t\t\t#lcsp_wrapper_949625156 .lcsp_logo_container a:hover img { -moz-transform: scale(1.05,1.05); -webkit-transform: scale(1.05,1.05); -o-transform: scale(1.05,1.05); -ms-transform: scale(1.05,1.05); transform: scale(1.05,1.05); }\r\n\t\t\t\t#lcsp_wrapper_949625156 #lcsp_logo_carousel_slider .owl-buttons div:hover { background: #ffffff; color: #A0A0A0; border: 1px solid #A0A0A0; }\r\n\t\t#lcsp_wrapper_949625156 h2.lcsp_logo_carousel_slider_title { font-size: 18px; color: #444; }\r\n\t\t#lcsp_wrapper_949625156 h3.lcsp_logo_title { font-size: 14px!important; color: #444!important; }\r\n\t\t#lcsp_wrapper_949625156 h3.lcsp_logo_title:hover { color: #808080!important; }\r\n\t\t.tooltipster-lcsp-774999173 { border-radius: 3px; color: #ffffff!important; background-color: #666666!important; }\r\n\t\t.tooltipster-lcsp-774999173 .tooltipster-content { font-family: Arial, sans-serif; font-size: 14px; line-height: 16px; padding: 8px 12px; font-size: 14px!important; }\r\n\t\t#lcsp_wrapper_949625156 #lcsp_logo_carousel_slider .owl-controls .owl-page span { background: #666666!important; }\r\n\t\t#lcsp_wrapper_949625156 #lcsp_logo_carousel_slider .owl-controls .owl-page span.owl-numbers { background: #666666!important; }\r\n\t<\/style>\r\n\r\n\t<div id=\"lcsp_wrapper_949625156\">\r\n\r\n\t\t\r\n\t\t<div id=\"lcsp_logo_carousel_slider\" class=\"owl-carousel lcsp_logo_carousel_slider_949625156\">\r\n\t\t    \t\t        \t        \t<div class=\"lcsp_logo_container\">\r\n\t        \t  \t\t            <a href=\"http:\/\/akademskaknjiga.com\" class=\"lcsp_logo_link\" target=\"_blank\">\r\n\t\t            \t<img decoding=\"async\" src=\"https:\/\/parcolab.univ-tlse2.fr\/wp-content\/uploads\/2017\/11\/akknjns.jpeg\" alt=\"\" class=\"lcsp_tooltip_774999173\"  \/>\t\t            <\/a>\r\n\t\t          \t\t          \t\t\t          \t\t\t            \t<a href=\"http:\/\/akademskaknjiga.com\" target=\"_blank\"><h3 class=\"lcsp_logo_title\">Akademska knjiga Novi Sad<\/h3><\/a>\r\n\t\t\t          \t\t          \t            <\/div> \t            \r\n\t\t    \t\t    \t\t<\/div> <!-- End lcsp_logo_carousel_slider -->\r\n\t<\/div> <!-- End lcsp_wrapper -->\r\n\r\n\r\n\t<script type=\"text\/javascript\">\r\n\t\tjQuery(document).ready(function($) {\r\n\t\t  jQuery(\".lcsp_logo_carousel_slider_949625156\").owlCarousel({\r\n\t\t\t\tautoPlay: 4000, \r\n\t\t\t\titems : 5,\r\n\t\t\t\titemsDesktop: [1199,4],\r\n\t\t\t\titemsTablet : [768,3],\r\n\t\t\t\titemsMobile : [479,2],\r\n\t\t\t\tslideSpeed : 800,\t\t\t\t\r\n\t\t\t\tstopOnHover : true,\r\n\t\t\t\tpagination : true,\r\n\t\t\t\tpaginationNumbers: false,\r\n\t\t\t\tscrollPerPage: false,\r\n\t\t\t\tnavigation : true,\r\n\t\t\t\tnavigationText : [\"\u2039\",\"\u203a\"],\t\t\r\n\t\t\t\t\r\n\t\t  });\r\n\t\t  jQuery(\".lcsp_tooltip_774999173\").tooltipster({\r\n\t\t\t   theme: \"tooltipster-lcsp-774999173\",\r\n\t\t\t   animation: \"grow\",\r\n\t\t\t   delay: 200,\r\n\t\t\t   trigger: \"hover\"\r\n\t\t  });\r\n\t\t});\r\n\t<\/script>\n<p>&nbsp;<\/p>\n<h3><span style=\"color: #666699;\">Autres partenaires<\/span><\/h3>\n<p>&nbsp;<\/p>\n\r\n\t<style type=\"text\/css\">\r\n\t\t\t\t\t#lcsp_wrapper_1847832344 #lcsp_logo_carousel_slider .owl-buttons { position: absolute; right: 0; top: -34px; } \r\n\t\t\t#lcsp_wrapper_1847832344 #lcsp_logo_carousel_slider .owl-buttons div { background: #ffffff; border-radius: 2px; margin: 2px; padding: 0; width: 27px; height: 27px; line-height: 20px; font-size: 22px; opacity: 1; color: #ccc; border: 1px solid #ccc; z-index: 999; -moz-transition: all 0.3s linear; -o-transition: all 0.3s linear; -webkit-transition: all 0.3s linear; transition: all 0.3s linear; }\r\n\t\t\t\t\t\t\t#lcsp_wrapper_1847832344 .lcsp_logo_container a.lcsp_logo_link { border: 1px solid #d6d4d4; }\r\n\t\t\t\t\t\t\t#lcsp_wrapper_1847832344 .lcsp_logo_container a.lcsp_logo_link:hover { border: 1px solid #A0A0A0; }\r\n\t\t\t#lcsp_wrapper_1847832344 .lcsp_logo_container a:hover img { -moz-transform: scale(1.05,1.05); -webkit-transform: scale(1.05,1.05); -o-transform: scale(1.05,1.05); -ms-transform: scale(1.05,1.05); transform: scale(1.05,1.05); }\r\n\t\t\t\t#lcsp_wrapper_1847832344 #lcsp_logo_carousel_slider .owl-buttons div:hover { background: #ffffff; color: #A0A0A0; border: 1px solid #A0A0A0; }\r\n\t\t#lcsp_wrapper_1847832344 h2.lcsp_logo_carousel_slider_title { font-size: 22px; color: #444; }\r\n\t\t#lcsp_wrapper_1847832344 h3.lcsp_logo_title { font-size: 14px!important; color: #444!important; }\r\n\t\t#lcsp_wrapper_1847832344 h3.lcsp_logo_title:hover { color: #808080!important; }\r\n\t\t.tooltipster-lcsp-1806449963 { border-radius: 3px; color: #ffffff!important; background-color: #666666!important; }\r\n\t\t.tooltipster-lcsp-1806449963 .tooltipster-content { font-family: Arial, sans-serif; font-size: 14px; line-height: 16px; padding: 8px 12px; font-size: 14px!important; }\r\n\t\t#lcsp_wrapper_1847832344 #lcsp_logo_carousel_slider .owl-controls .owl-page span { background: #666666!important; }\r\n\t\t#lcsp_wrapper_1847832344 #lcsp_logo_carousel_slider .owl-controls .owl-page span.owl-numbers { background: #666666!important; }\r\n\t<\/style>\r\n\r\n\t<div id=\"lcsp_wrapper_1847832344\">\r\n\r\n\t\t\r\n\t\t<div id=\"lcsp_logo_carousel_slider\" class=\"owl-carousel lcsp_logo_carousel_slider_1847832344\">\r\n\t\t    \t\t        \t        \t<div class=\"lcsp_logo_container\">\r\n\t        \t  \t\t            <a href=\"https:\/\/www.monde-diplomatique.fr\" class=\"lcsp_logo_link\" target=\"_blank\">\r\n\t\t            \t<img decoding=\"async\" src=\"https:\/\/parcolab.univ-tlse2.fr\/wp-content\/uploads\/2023\/01\/Capture-decran-2023-01-13-a-14.15.06.png\" alt=\"Le Monde diplomatique\" class=\"lcsp_tooltip_1806449963\"title=\"Le Monde diplomatique\"  \/>\t\t            <\/a>\r\n\t\t          \t\t          \t\t\t          \t\t\t            \t<a href=\"https:\/\/www.monde-diplomatique.fr\" target=\"_blank\"><h3 class=\"lcsp_logo_title\">Le Monde diplomatique<\/h3><\/a>\r\n\t\t\t          \t\t          \t            <\/div> \t            \r\n\t\t    \t\t        \t        \t<div class=\"lcsp_logo_container\">\r\n\t        \t  \t\t            <a href=\"https:\/\/forellis.labo.univ-poitiers.fr\" class=\"lcsp_logo_link\" target=\"_blank\">\r\n\t\t            \t<img decoding=\"async\" src=\"https:\/\/parcolab.univ-tlse2.fr\/wp-content\/uploads\/2022\/12\/logoFoReLLIS-UR15075-transparent.png\" alt=\"FoReLLIS\" class=\"lcsp_tooltip_1806449963\"  \/>\t\t            <\/a>\r\n\t\t          \t\t          \t\t\t          \t\t\t            \t<a href=\"https:\/\/forellis.labo.univ-poitiers.fr\" target=\"_blank\"><h3 class=\"lcsp_logo_title\">Laboratoire FoReLLIS<\/h3><\/a>\r\n\t\t\t          \t\t          \t            <\/div> \t            \r\n\t\t    \t\t        \t        \t<div class=\"lcsp_logo_container\">\r\n\t        \t  \t\t            <a href=\"http:\/\/www.khazars.com\/en\/\" class=\"lcsp_logo_link\" target=\"_blank\">\r\n\t\t            \t<img decoding=\"async\" src=\"https:\/\/parcolab.univ-tlse2.fr\/wp-content\/uploads\/2020\/05\/khazars.jpeg\" alt=\"\" class=\"lcsp_tooltip_1806449963\"  \/>\t\t            <\/a>\r\n\t\t          \t\t          \t\t\t          \t\t\t            \t<a href=\"http:\/\/www.khazars.com\/en\/\" target=\"_blank\"><h3 class=\"lcsp_logo_title\">Legat Milorada Pavi\u0107a<\/h3><\/a>\r\n\t\t\t          \t\t          \t            <\/div> \t            \r\n\t\t    \t\t        \t        \t<div class=\"lcsp_logo_container\">\r\n\t        \t  \t\t            <a class=\"lcsp_logo_link not_active\">\r\n\t\t            \t<img decoding=\"async\" src=\"https:\/\/parcolab.univ-tlse2.fr\/wp-content\/uploads\/2017\/11\/tisma.jpeg\" alt=\"\" class=\"lcsp_tooltip_1806449963\"  \/>\t\t            <\/a>\r\n\t\t          \t\t          \t\t\t          \t\t\t           \t    <h3 class=\"lcsp_logo_title\">Fondacija Aleksandar Ti\u0161ma<\/h3>\r\n\t\t\t\t\t  \t\t          \t            <\/div> \t            \r\n\t\t    \t\t        \t        \t<div class=\"lcsp_logo_container\">\r\n\t        \t  \t\t            <a href=\"https:\/\/www.nedeljnik.rs\/\" class=\"lcsp_logo_link\" target=\"_blank\">\r\n\t\t            \t<img decoding=\"async\" src=\"https:\/\/parcolab.univ-tlse2.fr\/wp-content\/uploads\/2017\/08\/nedeljnik.png\" alt=\"\" class=\"lcsp_tooltip_1806449963\"  \/>\t\t            <\/a>\r\n\t\t          \t\t          \t\t\t          \t\t\t            \t<a href=\"https:\/\/www.nedeljnik.rs\/\" target=\"_blank\"><h3 class=\"lcsp_logo_title\">Nedeljnik<\/h3><\/a>\r\n\t\t\t          \t\t          \t            <\/div> \t            \r\n\t\t    \t\t    \t\t<\/div> <!-- End lcsp_logo_carousel_slider -->\r\n\t<\/div> <!-- End lcsp_wrapper -->\r\n\r\n\r\n\t<script type=\"text\/javascript\">\r\n\t\tjQuery(document).ready(function($) {\r\n\t\t  jQuery(\".lcsp_logo_carousel_slider_1847832344\").owlCarousel({\r\n\t\t\t\tautoPlay: 4000, \r\n\t\t\t\titems : 5,\r\n\t\t\t\titemsDesktop: [1199,4],\r\n\t\t\t\titemsTablet : [768,3],\r\n\t\t\t\titemsMobile : [479,2],\r\n\t\t\t\tslideSpeed : 800,\t\t\t\t\r\n\t\t\t\tstopOnHover : true,\r\n\t\t\t\tpagination : true,\r\n\t\t\t\tpaginationNumbers: false,\r\n\t\t\t\tscrollPerPage: false,\r\n\t\t\t\tnavigation : true,\r\n\t\t\t\tnavigationText : [\"\u2039\",\"\u203a\"],\t\t\r\n\t\t\t\t\r\n\t\t  });\r\n\t\t  jQuery(\".lcsp_tooltip_1806449963\").tooltipster({\r\n\t\t\t   theme: \"tooltipster-lcsp-1806449963\",\r\n\t\t\t   animation: \"grow\",\r\n\t\t\t   delay: 200,\r\n\t\t\t   trigger: \"hover\"\r\n\t\t  });\r\n\t\t});\r\n\t<\/script>\n<p>&nbsp;<\/p>\n<h3><strong><span style=\"color: #666699;\">Autres liens<\/span><\/strong><\/h3>\n<p>&nbsp;<\/p>\nNo logos found\t\t<\/div> <!-- End lcsp_logo_carousel_slider -->\r\n\t<\/div> <!-- End lcsp_wrapper -->\r\n\r\n\r\n\t<script type=\"text\/javascript\">\r\n\t\tjQuery(document).ready(function($) {\r\n\t\t  jQuery(\".lcsp_logo_carousel_slider_143560542\").owlCarousel({\r\n\t\t\t\tautoPlay: 4000, \r\n\t\t\t\titems : 5,\r\n\t\t\t\titemsDesktop: [1199,4],\r\n\t\t\t\titemsTablet : [768,3],\r\n\t\t\t\titemsMobile : [479,2],\r\n\t\t\t\tslideSpeed : 800,\t\t\t\t\r\n\t\t\t\tstopOnHover : true,\r\n\t\t\t\tpagination : true,\r\n\t\t\t\tpaginationNumbers: false,\r\n\t\t\t\tscrollPerPage: false,\r\n\t\t\t\tnavigation : true,\r\n\t\t\t\tnavigationText : [\"\u2039\",\"\u203a\"],\t\t\r\n\t\t\t\t\r\n\t\t  });\r\n\t\t  jQuery(\".lcsp_tooltip_1383111298\").tooltipster({\r\n\t\t\t   theme: \"tooltipster-lcsp-1383111298\",\r\n\t\t\t   animation: \"grow\",\r\n\t\t\t   delay: 200,\r\n\t\t\t   trigger: \"hover\"\r\n\t\t  });\r\n\t\t});\r\n\t<\/script>\n","protected":false},"excerpt":{"rendered":"<p>Depuis cette page, vous pouvez acc\u00e9der aux sites de la grande majorit\u00e9 des \u00e9tablissements relevant de secteurs d&#8217;activit\u00e9s vari\u00e9s, qui ont contribu\u00e9, chacun \u00e0 sa fa\u00e7on, \u00e0 la constitution du corpus parall\u00e8le ParCoLab. &nbsp; Sponsors &nbsp; &nbsp; Maisons d&#8217;\u00e9dition partenaires du projet &nbsp; &nbsp; Autres partenaires &nbsp; &nbsp; Autres liens &nbsp;<\/p>\n","protected":false},"author":1,"featured_media":0,"parent":2,"menu_order":0,"comment_status":"closed","ping_status":"closed","template":"","meta":{"footnotes":""},"class_list":["post-802","page","type-page","status-publish","hentry"],"post_mailing_queue_ids":[],"_links":{"self":[{"href":"https:\/\/parcolab.univ-tlse2.fr\/sr\/wp-json\/wp\/v2\/pages\/802","targetHints":{"allow":["GET"]}}],"collection":[{"href":"https:\/\/parcolab.univ-tlse2.fr\/sr\/wp-json\/wp\/v2\/pages"}],"about":[{"href":"https:\/\/parcolab.univ-tlse2.fr\/sr\/wp-json\/wp\/v2\/types\/page"}],"author":[{"embeddable":true,"href":"https:\/\/parcolab.univ-tlse2.fr\/sr\/wp-json\/wp\/v2\/users\/1"}],"replies":[{"embeddable":true,"href":"https:\/\/parcolab.univ-tlse2.fr\/sr\/wp-json\/wp\/v2\/comments?post=802"}],"version-history":[{"count":16,"href":"https:\/\/parcolab.univ-tlse2.fr\/sr\/wp-json\/wp\/v2\/pages\/802\/revisions"}],"predecessor-version":[{"id":1308,"href":"https:\/\/parcolab.univ-tlse2.fr\/sr\/wp-json\/wp\/v2\/pages\/802\/revisions\/1308"}],"up":[{"embeddable":true,"href":"https:\/\/parcolab.univ-tlse2.fr\/sr\/wp-json\/wp\/v2\/pages\/2"}],"wp:attachment":[{"href":"https:\/\/parcolab.univ-tlse2.fr\/sr\/wp-json\/wp\/v2\/media?parent=802"}],"curies":[{"name":"wp","href":"https:\/\/api.w.org\/{rel}","templated":true}]}}