{"id":256,"date":"2015-04-14T20:15:02","date_gmt":"2015-04-14T19:15:02","guid":{"rendered":"https:\/\/parcolab.univ-tlse2.fr\/about\/equipe\/"},"modified":"2025-02-12T10:56:47","modified_gmt":"2025-02-12T09:56:47","slug":"ekipa","status":"publish","type":"page","link":"https:\/\/parcolab.univ-tlse2.fr\/sr\/onama\/ekipa\/","title":{"rendered":"Istra\u017eiva\u010dka grupa"},"content":{"rendered":"\t\t<div data-elementor-type=\"wp-page\" data-elementor-id=\"256\" class=\"elementor elementor-256 elementor-216\">\n\t\t\t\t\t\t<section class=\"elementor-section elementor-top-section elementor-element elementor-element-1a454f84 elementor-section-boxed elementor-section-height-default elementor-section-height-default\" data-id=\"1a454f84\" data-element_type=\"section\" data-e-type=\"section\">\n\t\t\t\t\t\t<div class=\"elementor-container elementor-column-gap-default\">\n\t\t\t\t\t<div class=\"elementor-column elementor-col-100 elementor-top-column elementor-element elementor-element-5ea2e9f1\" data-id=\"5ea2e9f1\" data-element_type=\"column\" data-e-type=\"column\">\n\t\t\t<div class=\"elementor-widget-wrap elementor-element-populated\">\n\t\t\t\t\t\t<div class=\"elementor-element elementor-element-51cffccd elementor-widget elementor-widget-text-editor\" data-id=\"51cffccd\" data-element_type=\"widget\" data-e-type=\"widget\" data-widget_type=\"text-editor.default\">\n\t\t\t\t<div class=\"elementor-widget-container\">\n\t\t\t\t\t\t\t\t\t<p class=\"lead\">Istra\u017eiva\u010dku grupu projekta ParCoLab \u010dine univerzitetski nastavnici, saradnici i istra\u017eiva\u010di iz Francuske i Srbije. Slede\u0107i saradnici u\u010destvovali su ili i dalje u\u010destvuju u izradi ovoga paralelnog korpusa:<\/p>\n<h3>Aktivni saradnici<\/h3>\n<p><\/p>\n<p><strong>Dejan Sto\u0161i\u0107<\/strong>, nosilac&nbsp;projekta, redovni profesor Univerziteta Tuluz \u017dan \u017dores, \u010dlan istra\u017eiva\u010dke ekipe&nbsp;CLLE-ERSS (UMR 5263 CNRS &amp; UT2J)<\/p>\n<p><strong>Sa\u0161a Marjanovi\u0107<\/strong>, docent Filolo\u0161kog fakulteta Univerziteta u&nbsp;Beogradu<\/p>\n<p><strong>Aleksandra Mileti\u0107<\/strong>, postdoktorantkinja Univerziteta Tuluz \u017dan \u017dores<\/p>\n<p><strong>Du\u0161ica Terzi\u0107<\/strong>, asistent Filolo\u0161kog fakulteta Univerziteta u Beogradu<\/p>\n<p><strong>Veran Stanojevi\u0107<\/strong>, redovni profesor Filolo\u0161kog fakulteta Univerziteta u Beogradu<\/p>\n<p><strong>Ljubica \u0110uri\u0107<\/strong>, asistent&nbsp;Filolo\u0161kog fakulteta Univerziteta u&nbsp;Beogradu<\/p>\n<p><strong>Myriam Bras<\/strong>, redovni profesor Univerziteta Tuluz \u017dan \u017dores, \u010dlan istra\u017eiva\u010dke ekipe CLLE-ERSS (UMR 5263 CNRS &amp; UT2J)<\/p>\n<p><strong>Marianne Vergez-Couret<\/strong>, docent Univerziteta u Poatjeu, \u010dlan istra\u017eiva\u010dke ekipe FoReLLIS (UR 15076)<\/p>\n<p><strong>Karla Orihuela<\/strong>, in\u017eenjer-tehni\u010dar pri istra\u017eiva\u010dkoj grupi CLLE (UMR 5263 CNRS &amp; UT2J)<\/p>\n<p><strong>Dejana Mirkovi\u0107-Birta\u0161i\u0107<\/strong>, asistent Filolo\u0161kog fakulteta Univerziteta u Beogradu<\/p>\n<p><\/p>\n<p><strong>Sa\u0161a Moderc<\/strong>, redovni profesor Filolo\u0161kog fakulteta Univerziteta u Beogradu<\/p><p><strong>Kristina Ili\u0107<\/strong>, doktorant Filolo\u0161kog fakulteta Univerziteta u Beogradu<\/p>\n<p><br><\/p>\n<h3>Biv\u0161i saradnici<\/h3>\n<p><\/p>\n<p><strong>Antonio Balvet<\/strong>, docent Univerziteta Lil 3, \u010dlan istra\u017eiva\u010dke ekipe STL&nbsp;(UMR 8163&nbsp;CNRS &amp; Universit\u00e9 Lille 3)<\/p>\n<p><strong>C\u00e9cile Fabre<\/strong>, profesor Univerziteta Tuluz \u017dan \u017dores, \u010dlan istra\u017eiva\u010dke ekipe CLLE-ERSS (UMR 5263 CNRS &amp; UT2J)<\/p>\n<p><strong>Franck Sajous<\/strong>, in\u017eenjer-tehni\u010dar pri istra\u017eiva\u010dkoj ekipi CLLE-ERSS (UMR 5263 CNRS &amp; UT2J)<\/p>\n<p><strong>An\u0111elka Pejovi\u0107<\/strong>, redovni profesor Filolo\u0161kog fakulteta Univerziteta u Beogradu<\/p>\n<p><strong>Katarina Ili\u0107<\/strong>, docent Pravnog fakulteta Univerziteta u Beogradu<\/p>\n<p><strong>Jelena Brajovi\u0107<\/strong>, docent Filolo\u0161kog fakulteta Univerziteta u Beogradu<\/p>\n<p><strong>\u017deljka Jankovi\u0107<\/strong>, asistent&nbsp;Filolo\u0161kog fakulteta Univerziteta u&nbsp;Beogradu<\/p>\n<p><strong>Brigitte Mladenovi\u0107<\/strong>, vi\u0161i lektor za francuski i prevodilac, Filolo\u0161ki fakultet Univerziteta u&nbsp;Beogradu<\/p>\n<p><strong>Ana Bjelogrli\u0107<\/strong>,&nbsp;doktorantkinja Filolo\u0161kog fakulteta&nbsp;Univerziteta u&nbsp;Beogradu<\/p>\n<p><strong>Bojana \u0110or\u0111evi\u0107<\/strong>, doktorantkinja Filolo\u0161kog fakulteta&nbsp;Univerziteta u&nbsp;Beogradu<\/p>\n<p><strong>Nathalie Gasiglia<\/strong>, docent Univerziteta Lil 3,&nbsp;\u010dlan istra\u017eiva\u010dke ekipe&nbsp;STL (UMR&nbsp;8163&nbsp;CNRS &amp;&nbsp;Universit\u00e9 Lille 3)<\/p>\n<p><strong>Pierre Corbin<\/strong>, profesor emeritus Univerziteta Lil 3,&nbsp;\u010dlan istra\u017eiva\u010dke ekipe STL&nbsp;(UMR&nbsp;8163&nbsp;CNRS &amp;&nbsp;Universit\u00e9 Lille 3)<\/p>\n<p><strong>Du\u0161ko Vitas<\/strong>, redovni profesor Matemati\u010dkog fakulteta Univerziteta u&nbsp;Beogradu<\/p>\n<p><strong>Tijana A\u0161i\u0107<\/strong>, redovni profesor Filolo\u0161ko-umetni\u010dkog fakulteta Univerziteta u&nbsp;Kragujevcu<\/p>\n<p><strong>Milo\u0161 Utvi\u0107<\/strong>, docent Filolo\u0161kog fakulteta&nbsp;Univerziteta u&nbsp;Beogradu<\/p>\n<p><strong>Vera Jovanovi\u0107<\/strong>,&nbsp;docent Filolo\u0161ko-umetni\u010dkog fakulteta Univerziteta u&nbsp;Kragujevcu<\/p>\n<h5 style=\"text-align: center;\">[<a href=\"\/?page_id=40\">O nama<\/a>] &nbsp; &nbsp;[<a href=\"\/?page_id=280\">Tehnologije<\/a>] &nbsp;&nbsp;[<a href=\"\/?page_id=381\">Sadr\u017eaj<\/a>] &nbsp; &nbsp;[<a href=\"\/?page_id=383\">Objavljeni radovi<\/a>] &nbsp;&nbsp;&nbsp;[<a href=\"\/?page_id=284\">Resursi<\/a>] &nbsp; &nbsp;[<a href=\"\/?page_id=290\">Zahvaljujemo<\/a>]<\/h5>\n<p>docent Uni<\/p>\t\t\t\t\t\t\t\t<\/div>\n\t\t\t\t<\/div>\n\t\t\t\t\t<\/div>\n\t\t<\/div>\n\t\t\t\t\t<\/div>\n\t\t<\/section>\n\t\t\t\t<\/div>\n\t\t","protected":false},"excerpt":{"rendered":"<p>Istra\u017eiva\u010dku grupu projekta ParCoLab \u010dine univerzitetski nastavnici, saradnici i istra\u017eiva\u010di iz Francuske i Srbije. Slede\u0107i saradnici u\u010destvovali su ili i dalje u\u010destvuju u izradi ovoga paralelnog korpusa: Aktivni saradnici Dejan Sto\u0161i\u0107, nosilac&nbsp;projekta, redovni profesor Univerziteta Tuluz \u017dan \u017dores, \u010dlan istra\u017eiva\u010dke ekipe&nbsp;CLLE-ERSS (UMR 5263 CNRS &amp; UT2J) Sa\u0161a Marjanovi\u0107, docent Filolo\u0161kog fakulteta Univerziteta u&nbsp;Beogradu Aleksandra Mileti\u0107,&#8230;  <a href=\"https:\/\/parcolab.univ-tlse2.fr\/sr\/onama\/ekipa\/\" class=\"more-link\" title=\"Read Istra\u017eiva\u010dka grupa\">Read more &raquo;<\/a><\/p>\n","protected":false},"author":1,"featured_media":0,"parent":40,"menu_order":0,"comment_status":"closed","ping_status":"closed","template":"","meta":{"footnotes":""},"class_list":["post-256","page","type-page","status-publish","hentry"],"post_mailing_queue_ids":[],"_links":{"self":[{"href":"https:\/\/parcolab.univ-tlse2.fr\/sr\/wp-json\/wp\/v2\/pages\/256","targetHints":{"allow":["GET"]}}],"collection":[{"href":"https:\/\/parcolab.univ-tlse2.fr\/sr\/wp-json\/wp\/v2\/pages"}],"about":[{"href":"https:\/\/parcolab.univ-tlse2.fr\/sr\/wp-json\/wp\/v2\/types\/page"}],"author":[{"embeddable":true,"href":"https:\/\/parcolab.univ-tlse2.fr\/sr\/wp-json\/wp\/v2\/users\/1"}],"replies":[{"embeddable":true,"href":"https:\/\/parcolab.univ-tlse2.fr\/sr\/wp-json\/wp\/v2\/comments?post=256"}],"version-history":[{"count":45,"href":"https:\/\/parcolab.univ-tlse2.fr\/sr\/wp-json\/wp\/v2\/pages\/256\/revisions"}],"predecessor-version":[{"id":4863,"href":"https:\/\/parcolab.univ-tlse2.fr\/sr\/wp-json\/wp\/v2\/pages\/256\/revisions\/4863"}],"up":[{"embeddable":true,"href":"https:\/\/parcolab.univ-tlse2.fr\/sr\/wp-json\/wp\/v2\/pages\/40"}],"wp:attachment":[{"href":"https:\/\/parcolab.univ-tlse2.fr\/sr\/wp-json\/wp\/v2\/media?parent=256"}],"curies":[{"name":"wp","href":"https:\/\/api.w.org\/{rel}","templated":true}]}}