{"id":216,"date":"2015-04-14T20:15:02","date_gmt":"2015-04-14T19:15:02","guid":{"rendered":"https:\/\/parcolab.univ-tlse2.fr\/?page_id=216"},"modified":"2025-02-12T10:50:03","modified_gmt":"2025-02-12T09:50:03","slug":"equipe","status":"publish","type":"page","link":"https:\/\/parcolab.univ-tlse2.fr\/sr\/about-2\/equipe\/","title":{"rendered":"Equipe"},"content":{"rendered":"\t\t<div data-elementor-type=\"wp-page\" data-elementor-id=\"216\" class=\"elementor elementor-216\">\n\t\t\t\t\t\t<section class=\"elementor-section elementor-top-section elementor-element elementor-element-4dbeea3 elementor-section-boxed elementor-section-height-default elementor-section-height-default\" data-id=\"4dbeea3\" data-element_type=\"section\" data-e-type=\"section\">\n\t\t\t\t\t\t<div class=\"elementor-container elementor-column-gap-default\">\n\t\t\t\t\t<div class=\"elementor-column elementor-col-100 elementor-top-column elementor-element elementor-element-9bc0b13\" data-id=\"9bc0b13\" data-element_type=\"column\" data-e-type=\"column\">\n\t\t\t<div class=\"elementor-widget-wrap elementor-element-populated\">\n\t\t\t\t\t\t<div class=\"elementor-element elementor-element-376340b5 elementor-widget elementor-widget-text-editor\" data-id=\"376340b5\" data-element_type=\"widget\" data-e-type=\"widget\" data-widget_type=\"text-editor.default\">\n\t\t\t\t<div class=\"elementor-widget-container\">\n\t\t\t\t\t\t\t\t\t<p class=\"lead\">L&#8217;\u00e9quipe de ParCoLab est constitu\u00e9e d&#8217;enseignants-chercheurs, d&#8217;ing\u00e9nieurs et d&#8217;\u00e9tudiants de France et de Serbie. Beaucoup de personnes ont contribu\u00e9 au d\u00e9veloppement du corpus.<\/p><h3>Membres actifs<\/h3><p><strong>Dejan Stosic<\/strong>, directeur du projet, ma\u00eetre de conf\u00e9rences HDR \u00e0 l&#8217;Universit\u00e9 Toulouse Jean Jaur\u00e8s, membre du Laboratoire\u00a0CLLE (UMR 5263 CNRS &amp; UT2J)<\/p><p><strong>Sasa Marjanovic<\/strong>, ma\u00eetre de conf\u00e9rences \u00e0 la Facult\u00e9 de philologie de l&#8217;Universit\u00e9 de Belgrade<\/p><p><strong>Aleksandra Miletic<\/strong>, post-doctorante \u00e0 l&#8217;Universit\u00e9 Toulouse Jean Jaur\u00e8s<\/p><p><strong>Dusica Terzic<\/strong>, doctorante \u00e0 la Facult\u00e9 de philologie de l&#8217;Universit\u00e9 de Belgrade<\/p><p><strong>Veran Stanojevic<\/strong>,\u00a0professeur des universit\u00e9s \u00e0 la Facult\u00e9 de philologie de l&#8217;Universit\u00e9 de Belgrade<\/p><p><strong>Ljubica Djuric<\/strong>, ma\u00eetre de conf\u00e9rences \u00e0 la Facult\u00e9 de philologie de\u00a0l&#8217;Universit\u00e9 de Belgrade<\/p><p><strong>Myriam Bras<\/strong>,\u00a0professeure des universit\u00e9s \u00e0 l&#8217;Universit\u00e9\u00a0Toulouse Jean Jaur\u00e8s, membre du Laboratoire\u00a0CLLE (UMR 5263 CNRS &amp; UT2J)<\/p><p><strong>Marianne Vergez-Couret<\/strong>, ma\u00eetresse de conf\u00e9rences, Universit\u00e9 de Poitiers, membre du Laboratoire FoReLLIS (UR 15076)<\/p><p><strong>Karla Orihuela<\/strong>, Ing\u00e9nieur d&#8217;\u00e9tudes au Laboratoire\u00a0CLLE (UMR 5263 CNRS &amp; UT2J)<\/p><p><strong>Dejana Mirkovic Birtasic<\/strong>, doctorante \u00e0 la Facult\u00e9 de philologie de l&#8217;Universit\u00e9 de Belgrade<\/p><p><strong>Sasa Moderc<\/strong>,\u00a0professeur des universit\u00e9s \u00e0 la Facult\u00e9 de philologie de l&#8217;Universit\u00e9 de Belgrade<\/p><p><strong>Kristina Ilic<\/strong>, doctorante \u00e0 la Facult\u00e9 de philologie de l&#8217;Universit\u00e9 de Belgrade<\/p><p>\u00a0<\/p><h3>Anciens collaborateurs<\/h3><p><strong style=\"color: var( --e-global-color-text ); font-family: var( --e-global-typography-text-font-family ), Sans-serif;\">Antonio Balvet<\/strong><span style=\"color: var( --e-global-color-text ); font-family: var( --e-global-typography-text-font-family ), Sans-serif;\">,\u00a0ma\u00eetre de conf\u00e9rences \u00e0 l&#8217;Universit\u00e9 Lille 3, membre du Laboratoire STL\u00a0(UMR 8163\u00a0CNRS &amp; Universit\u00e9 Lille 3)<\/span><\/p><p><strong>C\u00e9cile Fabre<\/strong>,\u00a0professeure des universit\u00e9s \u00e0 l&#8217;Universit\u00e9\u00a0Toulouse Jean Jaur\u00e8s, membre du Laboratoire\u00a0CLLE-ERSS (UMR 5263 CNRS &amp; UT2J)<\/p><p><strong>Franck Sajous<\/strong>, ing\u00e9nieur d&#8217;\u00e9tudes au\u00a0Laboratoire\u00a0CLLE-ERSS (UMR 5263 CNRS &amp; UT2J)<\/p><p><strong>Andjelka Pejovic<\/strong>,\u00a0professeur des universit\u00e9s \u00e0 la Facult\u00e9 de philologie de l&#8217;Universit\u00e9 de Belgrade<\/p><p><strong>Katarina Ilic<\/strong>,\u00a0ma\u00eetre de conf\u00e9rences \u00e0 la Facult\u00e9 de droit de l&#8217;Universit\u00e9 de Belgrade<\/p><p><strong>Jelena Brajovic<\/strong>, ma\u00eetre de conf\u00e9rences \u00e0 la Facult\u00e9 de philologie de l&#8217;Universit\u00e9 de Belgrade<\/p><p><strong>Zeljka Jankovic<\/strong>, assistante \u00e0 la Facult\u00e9 de philologie de\u00a0l&#8217;Universit\u00e9 de Belgrade<\/p><p><strong>Brigitte Mladenovic<\/strong>, lectrice de fran\u00e7ais et traductrice, la Facult\u00e9 de philologie de l&#8217;Universit\u00e9 de Belgrade<\/p><p><strong>Ana Bjelogrlic<\/strong>, doctorante \u00e0 la Facult\u00e9 de philologie de l&#8217;Universit\u00e9 de Belgrade<\/p><p><strong>Bojana Djordjevic<\/strong>, doctorante\u00a0\u00e0 la Facult\u00e9 de philologie de l&#8217;Universit\u00e9 de Belgrade<\/p><p><strong>Nathalie Gasiglia<\/strong>,\u00a0ma\u00eetre de conf\u00e9rences \u00e0 l&#8217;Universit\u00e9 Lille 3, membre du Laboratoire\u00a0STL\u00a0(UMR\u00a08163\u00a0CNRS &amp;\u00a0Universit\u00e9 Lille 3)<\/p><p><strong>Pierre Corbin<\/strong>, professeur \u00e9m\u00e9rite\u00a0\u00e0 l&#8217;Universit\u00e9 Lille 3, membre du Laboratoire\u00a0STL\u00a0(UMR\u00a08163\u00a0CNRS &amp;\u00a0Universit\u00e9 Lille 3)<\/p><p><strong>Dusko Vitas<\/strong>,\u00a0professeur des universit\u00e9s \u00e0 la Facult\u00e9 des math\u00e9matiques de l&#8217;Universit\u00e9 de Belgrade<\/p><p><strong>Tijana Asic<\/strong>, professeur des universit\u00e9s \u00e0 l&#8217;Universit\u00e9 de Kragujevac<\/p><p><strong>Milos Utvic<\/strong>, ma\u00eetre de conf\u00e9rences \u00e0 la\u00a0Facult\u00e9 de philologie de l&#8217;Universit\u00e9 de Belgrade<\/p><p><strong>Vera Jovanovic<\/strong>, ma\u00eetre de conf\u00e9rences \u00e0 l&#8217;Universit\u00e9 de Kragujevac<\/p><p>\u00a0<\/p><h5 style=\"text-align: center;\">[<a href=\"\/?page_id=2\">A propos<\/a>] \u00a0 \u00a0[<a href=\"\/?page_id=277\">Technologies<\/a>] \u00a0\u00a0\u00a0[<a href=\"\/?page_id=360\">Contenu<\/a>] \u00a0 \u00a0[<a href=\"\/?page_id=362\">Publications<\/a>] \u00a0\u00a0\u00a0[<a href=\"\/?page_id=281\">Ressources<\/a>] \u00a0 \u00a0[<a href=\"\/?page_id=287\">Remerciements<\/a>]<\/h5>\t\t\t\t\t\t\t\t<\/div>\n\t\t\t\t<\/div>\n\t\t\t\t\t<\/div>\n\t\t<\/div>\n\t\t\t\t\t<\/div>\n\t\t<\/section>\n\t\t\t\t<\/div>\n\t\t","protected":false},"excerpt":{"rendered":"<p>L&#8217;\u00e9quipe de ParCoLab est constitu\u00e9e d&#8217;enseignants-chercheurs, d&#8217;ing\u00e9nieurs et d&#8217;\u00e9tudiants de France et de Serbie. Beaucoup de personnes ont contribu\u00e9 au d\u00e9veloppement du corpus. Membres actifs Dejan Stosic, directeur du projet, ma\u00eetre de conf\u00e9rences HDR \u00e0 l&#8217;Universit\u00e9 Toulouse Jean Jaur\u00e8s, membre du Laboratoire\u00a0CLLE (UMR 5263 CNRS &amp; UT2J) Sasa Marjanovic, ma\u00eetre de conf\u00e9rences \u00e0 la Facult\u00e9&#8230;  <a href=\"https:\/\/parcolab.univ-tlse2.fr\/sr\/about-2\/equipe\/\" class=\"more-link\" title=\"Read Equipe\">Read more &raquo;<\/a><\/p>\n","protected":false},"author":1,"featured_media":0,"parent":2,"menu_order":0,"comment_status":"closed","ping_status":"closed","template":"","meta":{"footnotes":""},"class_list":["post-216","page","type-page","status-publish","hentry"],"post_mailing_queue_ids":[],"_links":{"self":[{"href":"https:\/\/parcolab.univ-tlse2.fr\/sr\/wp-json\/wp\/v2\/pages\/216","targetHints":{"allow":["GET"]}}],"collection":[{"href":"https:\/\/parcolab.univ-tlse2.fr\/sr\/wp-json\/wp\/v2\/pages"}],"about":[{"href":"https:\/\/parcolab.univ-tlse2.fr\/sr\/wp-json\/wp\/v2\/types\/page"}],"author":[{"embeddable":true,"href":"https:\/\/parcolab.univ-tlse2.fr\/sr\/wp-json\/wp\/v2\/users\/1"}],"replies":[{"embeddable":true,"href":"https:\/\/parcolab.univ-tlse2.fr\/sr\/wp-json\/wp\/v2\/comments?post=216"}],"version-history":[{"count":59,"href":"https:\/\/parcolab.univ-tlse2.fr\/sr\/wp-json\/wp\/v2\/pages\/216\/revisions"}],"predecessor-version":[{"id":4845,"href":"https:\/\/parcolab.univ-tlse2.fr\/sr\/wp-json\/wp\/v2\/pages\/216\/revisions\/4845"}],"up":[{"embeddable":true,"href":"https:\/\/parcolab.univ-tlse2.fr\/sr\/wp-json\/wp\/v2\/pages\/2"}],"wp:attachment":[{"href":"https:\/\/parcolab.univ-tlse2.fr\/sr\/wp-json\/wp\/v2\/media?parent=216"}],"curies":[{"name":"wp","href":"https:\/\/api.w.org\/{rel}","templated":true}]}}