{"id":14,"date":"2015-01-28T15:44:52","date_gmt":"2015-01-28T14:44:52","guid":{"rendered":"https:\/\/parcolab.univ-tlse2.fr\/?page_id=14"},"modified":"2016-09-09T14:17:27","modified_gmt":"2016-09-09T13:17:27","slug":"help","status":"publish","type":"page","link":"https:\/\/parcolab.univ-tlse2.fr\/sr\/help\/","title":{"rendered":"Aide"},"content":{"rendered":"<p style=\"text-align: justify;\" class=\"lead\">Cette page fournit un premier guide d&#8217;utilisation pour l&#8217;interrogation de ParCoLab. Pour extraire les donn\u00e9es de\u00a0la base, vous devez d&#8217;abord d\u00e9finir vos crit\u00e8res de recherche et ensuite sp\u00e9cifier une ou plusieurs expression(s) \u00e0 rechercher.<\/p>\n<p style=\"text-align: justify;\">Pour acc\u00e9der au formulaire de recherche, cliquez sur le bouton\u00a0&#8222;Recherche&#8220; dans le menu situ\u00e9 en haut. Par d\u00e9faut, l&#8217;interface de consultation vous permet d&#8217;effectuer une recherche dans l&#8217;ensemble des textes en fran\u00e7ais, originaux et traductions confondus. Vous pouvez cependant affiner votre recherche en fonction de vos besoins.<\/p>\n<h3 style=\"text-align: justify;\">1. D\u00e9finition des crit\u00e8res de recherche<\/h3>\n<p style=\"text-align: justify;\">La version actuelle de l&#8217;interface de consultation offre la possibilit\u00e9 d&#8217;exploiter un ou plusieurs crit\u00e8res parmi les cinq disponibles : Expression en fran\u00e7ais, Expression en anglais, Expression en serbe, Auteur et Langue de l&#8217;original. L&#8217;ajout d&#8217;un crit\u00e8re se fait \u00e0 l&#8217;aide du bouton &#8222;Add Criteria&#8220;.<\/p>\n<p style=\"text-align: justify;\"><a href=\"https:\/\/parcolab.univ-tlse2.fr\/wp-content\/uploads\/2015\/01\/criteres2.jpg\" rel=\"attachment wp-att-642\"><img fetchpriority=\"high\" decoding=\"async\" class=\"aligncenter wp-image-642\" src=\"https:\/\/parcolab.univ-tlse2.fr\/wp-content\/uploads\/2015\/01\/criteres2.jpg\" alt=\"criteres2\" width=\"552\" height=\"261\" srcset=\"https:\/\/parcolab.univ-tlse2.fr\/wp-content\/uploads\/2015\/01\/criteres2.jpg 804w, https:\/\/parcolab.univ-tlse2.fr\/wp-content\/uploads\/2015\/01\/criteres2-300x142.jpg 300w, https:\/\/parcolab.univ-tlse2.fr\/wp-content\/uploads\/2015\/01\/criteres2-768x364.jpg 768w\" sizes=\"(max-width: 552px) 100vw, 552px\" \/><\/a><\/p>\n<p style=\"text-align: justify;\">Si vous souhaitez chercher une expression en fran\u00e7ais, textes originaux et traductions confondus, il vous suffit de saisir l&#8217;expression recherch\u00e9e dans le champ qui s&#8217;affiche par d\u00e9faut et d&#8217;appuyer sur le bouton &#8222;Corpus Search&#8220;:<\/p>\n<p style=\"text-align: justify;\"><a href=\"https:\/\/parcolab.univ-tlse2.fr\/wp-content\/uploads\/2015\/01\/cr_maison.jpg\" rel=\"attachment wp-att-644\"><img decoding=\"async\" class=\"aligncenter wp-image-644\" src=\"https:\/\/parcolab.univ-tlse2.fr\/wp-content\/uploads\/2015\/01\/cr_maison.jpg\" alt=\"cr_maison\" width=\"566\" height=\"146\" srcset=\"https:\/\/parcolab.univ-tlse2.fr\/wp-content\/uploads\/2015\/01\/cr_maison.jpg 807w, https:\/\/parcolab.univ-tlse2.fr\/wp-content\/uploads\/2015\/01\/cr_maison-300x77.jpg 300w, https:\/\/parcolab.univ-tlse2.fr\/wp-content\/uploads\/2015\/01\/cr_maison-768x198.jpg 768w\" sizes=\"(max-width: 566px) 100vw, 566px\" \/><\/a><\/p>\n<p style=\"text-align: justify;\">Lorsque vous souhaitez obtenir des exemples o\u00f9 tel terme fran\u00e7ais est traduit par tel terme anglais, textes originaux et traductions confondus, vous devez ajouter un crit\u00e8re suppl\u00e9mentaire \u00e0 l&#8217;aide du bouton &#8222;Add Criteria&#8220;. Choisissez ensuite une deuxi\u00e8me langue et saisissez le terme recherch\u00e9 et son correspondant dans l&#8217;autre langue. Appuyez sur le bouton &#8222;Corpus Search&#8220; pour lancer la recherche:<\/p>\n<p style=\"text-align: justify;\"><a href=\"https:\/\/parcolab.univ-tlse2.fr\/wp-content\/uploads\/2015\/01\/cr_par_through.jpg\" rel=\"attachment wp-att-646\"><img decoding=\"async\" class=\"aligncenter wp-image-646\" src=\"https:\/\/parcolab.univ-tlse2.fr\/wp-content\/uploads\/2015\/01\/cr_par_through.jpg\" alt=\"cr_par_through\" width=\"528\" height=\"153\" srcset=\"https:\/\/parcolab.univ-tlse2.fr\/wp-content\/uploads\/2015\/01\/cr_par_through.jpg 775w, https:\/\/parcolab.univ-tlse2.fr\/wp-content\/uploads\/2015\/01\/cr_par_through-300x87.jpg 300w, https:\/\/parcolab.univ-tlse2.fr\/wp-content\/uploads\/2015\/01\/cr_par_through-768x223.jpg 768w\" sizes=\"(max-width: 528px) 100vw, 528px\" \/><\/a><\/p>\n<p style=\"text-align: justify;\">Ce type de requ\u00eate peut \u00eatre \u00e9tendu aux trois langues du corpus:<\/p>\n<p style=\"text-align: justify;\"><a href=\"https:\/\/parcolab.univ-tlse2.fr\/wp-content\/uploads\/2015\/01\/cr_par_through_kroz.jpg\" rel=\"attachment wp-att-647\"><img loading=\"lazy\" decoding=\"async\" class=\"aligncenter wp-image-647\" src=\"https:\/\/parcolab.univ-tlse2.fr\/wp-content\/uploads\/2015\/01\/cr_par_through_kroz.jpg\" alt=\"cr_par_through_kroz\" width=\"459\" height=\"204\" srcset=\"https:\/\/parcolab.univ-tlse2.fr\/wp-content\/uploads\/2015\/01\/cr_par_through_kroz.jpg 1177w, https:\/\/parcolab.univ-tlse2.fr\/wp-content\/uploads\/2015\/01\/cr_par_through_kroz-300x133.jpg 300w, https:\/\/parcolab.univ-tlse2.fr\/wp-content\/uploads\/2015\/01\/cr_par_through_kroz-768x341.jpg 768w, https:\/\/parcolab.univ-tlse2.fr\/wp-content\/uploads\/2015\/01\/cr_par_through_kroz-1024x455.jpg 1024w\" sizes=\"(max-width: 459px) 100vw, 459px\" \/><\/a><\/p>\n<p style=\"text-align: justify;\">A la diff\u00e9rence des exemples pr\u00e9c\u00e9dents o\u00f9 la base enti\u00e8re \u00e9tait interrog\u00e9e, il est possible de limiter les requ\u00eates aux seuls textes originaux \u00e9crits dans une des langues du corpus. Pour cela, vous devez\u00a0ajouter un crit\u00e8re \u00e0 l&#8217;aide du bouton &#8222;Add Criteria&#8220;, choisir le filtre &#8222;Language of original&#8220; et s\u00e9lectionner une des trois langues comme langue source:<\/p>\n<p style=\"text-align: justify;\"><a href=\"https:\/\/parcolab.univ-tlse2.fr\/wp-content\/uploads\/2015\/01\/cr_par_kroz_fr.jpg\" rel=\"attachment wp-att-650\"><img loading=\"lazy\" decoding=\"async\" class=\"aligncenter wp-image-650\" src=\"https:\/\/parcolab.univ-tlse2.fr\/wp-content\/uploads\/2015\/01\/cr_par_kroz_fr.jpg\" alt=\"cr_par_kroz_fr\" width=\"477\" height=\"157\" srcset=\"https:\/\/parcolab.univ-tlse2.fr\/wp-content\/uploads\/2015\/01\/cr_par_kroz_fr.jpg 792w, https:\/\/parcolab.univ-tlse2.fr\/wp-content\/uploads\/2015\/01\/cr_par_kroz_fr-300x99.jpg 300w, https:\/\/parcolab.univ-tlse2.fr\/wp-content\/uploads\/2015\/01\/cr_par_kroz_fr-768x253.jpg 768w\" sizes=\"(max-width: 477px) 100vw, 477px\" \/><\/a><\/p>\n<p style=\"text-align: justify;\">En outre, vous pouvez viser dans l&#8217;ensemble des textes fran\u00e7ais ceux \u00e9crits par un des auteurs pr\u00e9sents dans le corpus. Dans ce cas, il vous faut ajouter un crit\u00e8re \u00e0 l&#8217;aide du bouton &#8222;Add Criteria&#8220;, choisir le filtre &#8222;Author&#8220; et indiquer le nom de l&#8217;auteur qui vous int\u00e9resse:<\/p>\n<p style=\"text-align: justify;\"><a href=\"https:\/\/parcolab.univ-tlse2.fr\/wp-content\/uploads\/2015\/01\/cr_par_kroz_auteur_fr.jpg\" rel=\"attachment wp-att-651\"><img loading=\"lazy\" decoding=\"async\" class=\"aligncenter wp-image-651\" src=\"https:\/\/parcolab.univ-tlse2.fr\/wp-content\/uploads\/2015\/01\/cr_par_kroz_auteur_fr.jpg\" alt=\"cr_par_kroz_auteur_fr\" width=\"695\" height=\"298\" srcset=\"https:\/\/parcolab.univ-tlse2.fr\/wp-content\/uploads\/2015\/01\/cr_par_kroz_auteur_fr.jpg 1198w, https:\/\/parcolab.univ-tlse2.fr\/wp-content\/uploads\/2015\/01\/cr_par_kroz_auteur_fr-300x129.jpg 300w, https:\/\/parcolab.univ-tlse2.fr\/wp-content\/uploads\/2015\/01\/cr_par_kroz_auteur_fr-768x330.jpg 768w, https:\/\/parcolab.univ-tlse2.fr\/wp-content\/uploads\/2015\/01\/cr_par_kroz_auteur_fr-1024x439.jpg 1024w\" sizes=\"(max-width: 695px) 100vw, 695px\" \/><\/a><\/p>\n<h4><\/h4>\n<h3>2. Ex\u00e9cution de requ\u00eates<\/h3>\n<p>Il vous est possible d&#8217;effectuer plusieurs types de requ\u00eates dans ParCoLab, gr\u00e2ce au moteur de recherche <a href=\"https:\/\/www.elastic.co\/products\/elasticsearch\" target=\"_blank\">ElasticSearch<\/a> impl\u00e9ment\u00e9 dans l&#8217;application. Celui-ci\u00a0permet des requ\u00eates visant un mot, une expression constitu\u00e9e de plusieurs mots, des expressions avec un ou plusieurs jokers, des mots qui commencent ou se terminent par telle ou telle cha\u00eene de caract\u00e8res, etc. L\u2019utilisation des expressions r\u00e9guli\u00e8res et celle des op\u00e9rateurs bool\u00e9ens sont\u00a0\u00e9galement possibles.<\/p>\n<h4>2.1. Recherche simple<\/h4>\n<p style=\"text-align: justify;\">Une recherche simple vise une graphie\u00a0donn\u00e9e ou un ensemble de forme \u00e0 partir d&#8217;une seule &#8222;base&#8220;.<\/p>\n<h5>2.1.1. Recherche d&#8217;une graphie donn\u00e9e<\/h5>\n<p style=\"text-align: justify;\">Si vous recherchez des contextes pour une forme pr\u00e9cise:<\/p>\n<ul>\n<li style=\"text-align: justify;\">saisissez l&#8217;expression recherch\u00e9e dans le champ de requ\u00eate\u00a0puis cliquez sur le bouton &#8222;Corpus Search&#8220;<\/li>\n<\/ul>\n<p><strong><span style=\"color: #333399;\">Exemple:<\/span><\/strong><\/p>\n<p style=\"text-align: justify;\">Si vous recherchez le mot &#8222;volontairement&#8220;, il vous suffit de le taper dans le champ de requ\u00eate:<\/p>\n<a href=\"https:\/\/parcolab.univ-tlse2.fr\/wp-content\/uploads\/2015\/01\/rech_simple.jpg\" rel=\"attachment wp-att-655\"><img loading=\"lazy\" decoding=\"async\" class=\"aligncenter wp-image-655\" src=\"https:\/\/parcolab.univ-tlse2.fr\/wp-content\/uploads\/2015\/01\/rech_simple.jpg\" alt=\"rech_simple\" width=\"502\" height=\"152\" srcset=\"https:\/\/parcolab.univ-tlse2.fr\/wp-content\/uploads\/2015\/01\/rech_simple.jpg 794w, https:\/\/parcolab.univ-tlse2.fr\/wp-content\/uploads\/2015\/01\/rech_simple-300x91.jpg 300w, https:\/\/parcolab.univ-tlse2.fr\/wp-content\/uploads\/2015\/01\/rech_simple-768x232.jpg 768w\" sizes=\"(max-width: 502px) 100vw, 502px\" \/><\/a>\n<p>&nbsp;<\/p>\n<p style=\"text-align: justify;\">Vous\u00a0obtiendrez tous les \u00e9nonc\u00e9s qui comportent le mot en question, avec leurs traductions dans les deux autres langues (ou dans une des deux, selon la disponibilit\u00e9 des traductions):<\/p>\n<a href=\"https:\/\/parcolab.univ-tlse2.fr\/wp-content\/uploads\/2015\/01\/rech_simple_resultats.jpg\" rel=\"attachment wp-att-656\"><img loading=\"lazy\" decoding=\"async\" class=\"aligncenter wp-image-656\" src=\"https:\/\/parcolab.univ-tlse2.fr\/wp-content\/uploads\/2015\/01\/rech_simple_resultats.jpg\" alt=\"rech_simple_resultats\" width=\"666\" height=\"258\" srcset=\"https:\/\/parcolab.univ-tlse2.fr\/wp-content\/uploads\/2015\/01\/rech_simple_resultats.jpg 1169w, https:\/\/parcolab.univ-tlse2.fr\/wp-content\/uploads\/2015\/01\/rech_simple_resultats-300x116.jpg 300w, https:\/\/parcolab.univ-tlse2.fr\/wp-content\/uploads\/2015\/01\/rech_simple_resultats-768x298.jpg 768w, https:\/\/parcolab.univ-tlse2.fr\/wp-content\/uploads\/2015\/01\/rech_simple_resultats-1024x397.jpg 1024w\" sizes=\"(max-width: 666px) 100vw, 666px\" \/><\/a>\n<p>&nbsp;<\/p>\n<p>&nbsp;<\/p>\n<h5>2.1.2. Recherche d&#8217;une forme variable<\/h5>\n<p style=\"text-align: justify;\">Si vous recherchez des contextes d&#8217;apparition d&#8217;une forme variable, vous devez utiliser le caract\u00e8re &#8222;?&#8220; pour remplacer un seul caract\u00e8re ou l&#8217;\u00e9toile &#8222;*&#8220; pour remplacer 0, un ou plusieurs caract\u00e8res. Il est possible de cumuler deux ou plusieurs &#8222;?&#8220;. Le point d&#8217;interrogation et l&#8217;\u00e9toile peuvent figurer au d\u00e9but, au milieu ou \u00e0 la fin de la forme recherch\u00e9e:<\/p>\n<p><strong><span style=\"color: #333399;\">Exemple 1:<\/span><\/strong><\/p>\n<p style=\"padding-left: 30px; text-align: justify;\">Si vous souhaitez extraire les contextes d&#8217;apparition des formes du singulier du verbe\u00a0&#8222;rougir&#8220; au pr\u00e9sent de l&#8217;indicatif, vous pouvez\u00a0formuler votre requ\u00eate comme suit:<\/p>\n<p style=\"padding-left: 30px; text-align: justify;\">&#8211; rougi? =&gt;\u00a0<em>rougis, rougit<\/em><\/p>\n<p style=\"padding-left: 30px; text-align: justify;\">Une requ\u00eate avec l&#8217;\u00e9toile permet plus de souplesse:<\/p>\n<p style=\"padding-left: 30px; text-align: justify;\">&#8211; courageu* =&gt; <em>courageux, courageuse, courageuses, courageusement<\/em><\/p>\n<p style=\"text-align: justify;\"><strong><span style=\"color: #333399;\">Exemple 2:<\/span><\/strong><\/p>\n<p style=\"padding-left: 30px; text-align: justify;\">Il est possible d&#8217;extraire tous les termes commen\u00e7ant par &#8222;anti&#8220;:<\/p>\n<p style=\"padding-left: 30px; text-align: justify;\">&#8211; anti* =&gt; <em>antique\/s, antichambre, antireligieux\/se, antir\u00e9publicain\/e\/s,<\/em> etc.<\/p>\n<p style=\"text-align: justify;\"><strong><span style=\"color: #333399;\">Exemple 3:<\/span><\/strong><\/p>\n<p style=\"padding-left: 30px; text-align: justify;\">L&#8217;\u00e9toile permet \u00e9galement l&#8217;identification de familles de mots. Vous pouvez par exemple extraire tous les \u00e9nonc\u00e9s avec\u00a0les formes comportant la base &#8222;monte&#8220;:<\/p>\n<p style=\"padding-left: 30px; text-align: justify;\">&#8211; &#8222;*monte*&#8220; =&gt; \u00a0<em>monte, d\u00e9monte, remontes, montent, surmontez, remonter, remonteras,\u00a0<\/em>etc.<\/p>\n<h4>2.2. Recherche\u00a0complexe<\/h4>\n<p style=\"text-align: justify;\">Dans ParCoLab, il est possible d&#8217;effectuer diff\u00e9rents types de\u00a0recherche complexe visant l&#8217;extraction de co-occurrences.<\/p>\n<h5>2.1. Recherche d&#8217;une expression complexe exacte<\/h5>\n<p style=\"text-align: justify;\">Si vous recherchez une expression exacte compos\u00e9e de plusieurs mots, saisissez-la dans le champ de requ\u00eate en la mettant entre les guillemets puis cliquez sur le bouton &#8222;Corpus Search&#8220;.<\/p>\n<p style=\"text-align: justify;\"><strong><span style=\"color: #333399;\">Exemple:<\/span><\/strong><\/p>\n<p style=\"padding-left: 30px; text-align: justify;\">Si vous recherchez l&#8217;expression exacte &#8222;un peu plus bas&#8220;, formulez votre requ\u00eate comme suit:<\/p>\n<p style=\"padding-left: 30px; text-align: justify;\"><a href=\"https:\/\/parcolab.univ-tlse2.fr\/wp-content\/uploads\/2015\/01\/rech_un-peu-plus-bas-copie.jpg\" rel=\"attachment wp-att-660\"><img loading=\"lazy\" decoding=\"async\" class=\"aligncenter wp-image-660\" src=\"https:\/\/parcolab.univ-tlse2.fr\/wp-content\/uploads\/2015\/01\/rech_un-peu-plus-bas-copie.jpg\" alt=\"rech_un-peu-plus-bas - copie\" width=\"664\" height=\"160\" srcset=\"https:\/\/parcolab.univ-tlse2.fr\/wp-content\/uploads\/2015\/01\/rech_un-peu-plus-bas-copie.jpg 768w, https:\/\/parcolab.univ-tlse2.fr\/wp-content\/uploads\/2015\/01\/rech_un-peu-plus-bas-copie-300x72.jpg 300w\" sizes=\"(max-width: 664px) 100vw, 664px\" \/><\/a><\/p>\n<p style=\"padding-left: 30px; text-align: justify;\">Notez que sans les guillemets, vous obtiendrez les \u00e9nonc\u00e9s o\u00f9 apparaissent tous les \u00e9l\u00e9ments de l&#8217;expression ensemble, ensuite ceux o\u00f9 ils figurent tous mais s\u00e9par\u00e9ment et dans un ordre arbitraire, puis des exemples avec certains des \u00e9l\u00e9ments de l&#8217;expression recherch\u00e9e et enfin avec un seul des constituants de votre expression.<\/p>\n<p style=\"padding-left: 30px; text-align: justify;\">&#8211; un peu plus bas =&gt; <em>un peu plus bas, plus bas, un peu, peu \u00e0 peu, peu\u00a0&#8211;\u00a0un &#8211; bas,\u00a0Je regrettais d\u00e9j\u00e0 [ un ] [ peu ] que [ plus ] aucun soldat ne travers\u00e2t notre village,<\/em> etc.<\/p>\n<p>&nbsp;<\/p>\n<h5>2.2. Recherche de co-occurrences avec la d\u00e9finition de la distance<\/h5>\n<p style=\"text-align: justify;\">Vous avez \u00e9galement la possibilit\u00e9 d&#8217;effectuer des recherches avec joker en sp\u00e9cifiant la distance maximale entre les termes qui constituent votre expression complexe. L&#8217;expression complexe, mise entre les guillemets, doit \u00eatre accompagn\u00e9e d&#8217;un tilde suivi du chiffre indiquant la distance (\u22651).<\/p>\n<p style=\"text-align: justify;\"><strong><span style=\"color: #333399;\">Exemple 1:\u00a0<\/span><\/strong><\/p>\n<p style=\"padding-left: 30px; text-align: justify;\">Si vous souhaitez\u00a0extraire la co-occurrence &#8222;une belle&#8220; en admettant un modifieur devant l&#8217;\u00e9l\u00e9ment &#8222;belle&#8220;, votre requ\u00eate doit \u00eatre formul\u00e9e comme suit:<\/p>\n<p style=\"padding-left: 30px; text-align: justify;\">&#8211; &#8222;une belle&#8220;~2 =&gt; <em>une tr\u00e8s belle, une si belle, une plus belle, une grande et belle, une autre belle, une fort belle,\u00a0<\/em>etc.<\/p>\n<p style=\"text-align: justify;\"><strong><span style=\"color: #333399;\">Exemple 2:\u00a0<\/span><\/strong><\/p>\n<p style=\"padding-left: 30px; text-align: justify;\">Si vous souhaitez\u00a0extraire les contextes o\u00f9 figurent &#8222;un peu&#8220; et &#8222;sombre&#8220; en admettant la possibilit\u00e9 de gradation de l&#8217;adjectif, votre requ\u00eate doit \u00eatre formul\u00e9e\u00a0ainsi:<\/p>\n<p style=\"padding-left: 30px; text-align: justify;\">&#8211; &#8222;(un\u00a0peu)\u00a0sombre&#8220;~2 =&gt;\u00a0<em>un peu sombre, un peu plus sombre, un peu moins sobre,\u00a0<\/em>etc.<\/p>\n","protected":false},"excerpt":{"rendered":"<p>Cette page fournit un premier guide d&#8217;utilisation pour l&#8217;interrogation de ParCoLab. Pour extraire les donn\u00e9es de\u00a0la base, vous devez d&#8217;abord d\u00e9finir vos crit\u00e8res de recherche et ensuite sp\u00e9cifier une ou plusieurs expression(s) \u00e0 rechercher. Pour acc\u00e9der au formulaire de recherche, cliquez sur le bouton\u00a0&#8222;Recherche&#8220; dans le menu situ\u00e9 en haut. Par d\u00e9faut, l&#8217;interface de consultation&#8230;  <a href=\"https:\/\/parcolab.univ-tlse2.fr\/sr\/help\/\" class=\"more-link\" title=\"Read Aide\">Read more &raquo;<\/a><\/p>\n","protected":false},"author":1,"featured_media":0,"parent":0,"menu_order":0,"comment_status":"closed","ping_status":"closed","template":"","meta":{"footnotes":""},"class_list":["post-14","page","type-page","status-publish","hentry"],"post_mailing_queue_ids":[],"_links":{"self":[{"href":"https:\/\/parcolab.univ-tlse2.fr\/sr\/wp-json\/wp\/v2\/pages\/14","targetHints":{"allow":["GET"]}}],"collection":[{"href":"https:\/\/parcolab.univ-tlse2.fr\/sr\/wp-json\/wp\/v2\/pages"}],"about":[{"href":"https:\/\/parcolab.univ-tlse2.fr\/sr\/wp-json\/wp\/v2\/types\/page"}],"author":[{"embeddable":true,"href":"https:\/\/parcolab.univ-tlse2.fr\/sr\/wp-json\/wp\/v2\/users\/1"}],"replies":[{"embeddable":true,"href":"https:\/\/parcolab.univ-tlse2.fr\/sr\/wp-json\/wp\/v2\/comments?post=14"}],"version-history":[{"count":35,"href":"https:\/\/parcolab.univ-tlse2.fr\/sr\/wp-json\/wp\/v2\/pages\/14\/revisions"}],"predecessor-version":[{"id":894,"href":"https:\/\/parcolab.univ-tlse2.fr\/sr\/wp-json\/wp\/v2\/pages\/14\/revisions\/894"}],"wp:attachment":[{"href":"https:\/\/parcolab.univ-tlse2.fr\/sr\/wp-json\/wp\/v2\/media?parent=14"}],"curies":[{"name":"wp","href":"https:\/\/api.w.org\/{rel}","templated":true}]}}