{"id":52,"date":"2015-02-25T11:02:16","date_gmt":"2015-02-25T10:02:16","guid":{"rendered":"https:\/\/parcolab.univ-tlse2.fr\/?page_id=52"},"modified":"2023-05-12T12:50:17","modified_gmt":"2023-05-12T11:50:17","slug":"terms-and-conditions","status":"publish","type":"page","link":"https:\/\/parcolab.univ-tlse2.fr\/en\/terms-and-conditions\/","title":{"rendered":"Terms and Conditions"},"content":{"rendered":"<p class=\"lead\">Updated on Saturday, June 6th, 2020<\/p>\n<h2>Description<\/h2>\n<p>https:\/\/parcolab.univ-tlse2.fr\/ &#8220;ParCoLab&#8221; project website, CLLE-ERSS &amp; Universit\u00e9 Toulouse Jean Jaur\u00e8s, Toulouse, France<\/p>\n<h2>Publisher<\/h2>\n<div class=\"flex flex-grow flex-col gap-3\">\n<div class=\"min-h-[20px] flex flex-col items-start gap-4 whitespace-pre-wrap break-words\">\n<div class=\"markdown prose w-full break-words dark:prose-invert light\">\n<p>This website is the official website of the ParCoLab project carried out within CLLE-ERSS (UMR 5263 CNRS &amp; UT2J), University of Toulouse Jean Jaur\u00e8s, Campus du Mirail, 5 all\u00e9es Antonio Machado, 31058 Toulouse.<\/p>\n<p><strong>Publication Director:<\/strong> University of Toulouse Jean Jaur\u00e8s<\/p>\n<p><strong>Site Administration:<\/strong> Dejan Stosic, CLLE-ERSS, UT2J<\/p>\n<p><strong>Technical Development:<\/strong> Fovea Company<\/p>\n<p><strong>Hosting:<\/strong> Fovea Company<\/p>\n<p><strong>Graphic Design:<\/strong> WordPress<\/p>\n<\/div>\n<\/div>\n<\/div>\n<h2>Legal Provisions<\/h2>\n<p>In accordance with the French law of March 11, 1957 (Article 41) and the Intellectual Property Code of July 1, 1992, any partial or total reproduction for collective use is strictly prohibited without prior permission from the site administrator of ParCoLab at the University of Toulouse Jean Jaur\u00e8s. The website parcolab.univ-tlse2.fr (texts, graphics, photos, etc.) constitutes a protected work in France by the Intellectual Property Code, and internationally by the relevant international conventions on copyright. Violation of any of these rights is an act of infringement subject to prosecution.<\/p>\n<h2>Domain Name<\/h2>\n<p>The domain name (parcolab.univ-tlse2.fr) was reserved by UT2J in accordance with the provisions in force with AFNIC.<\/p>\n<h2>Personal Data<\/h2>\n<p>Your personal data (such as newsletter or contact form) is strictly confidential and cannot be communicated by a third party. In accordance with the French law n\u00ba 78-17 of January 6, 1978 relating to data processing, files and freedoms, you have the rights of opposition (art. 26 of the law), access (art. 34 to 38 of the law) and rectification (art. 36 of the law) of the data concerning you. Therefore, you can demand an update or that we delete information about you that is inaccurate, incomplete, equivocal, expired or whose collection, use, communication or retention is prohibited.<\/p>\n<h2>Update<\/h2>\n<p>The ParCoLab project managers update the website on a daily basis. Please note that the content of the website may contain inaccuracies or omissions, and that this content may be modified or updated shortly. If you notice a broken link, omission, or error, you can inform the site administrator by email, phone, fax, or by postal mail at the contact information listed in the footer.<\/p>\n<h2>Statistics<\/h2>\n<p>This website uses Piwik, a web analytics service provided by Piwik. Piwik uses cookies, which are text files placed on your computer, to help the website analyze how users use the site. The information generated by the cookies about your use of the website will be used by Piwik to evaluate your use of the website, compile reports on website activity for website operators and provide other services relating to website activity and internet usage. You may refuse the use of cookies by selecting the appropriate settings on your browser, however, please note that if you do this you may not be able to use the full functionality of this website. By using this website, you consent to the processing of data about you by Piwik in the manner and for the purposes set out above.<\/p>\n<h2>Hyperlinks<\/h2>\n<p>Any link to the website parcolab.univ-tlse2.fr must be subject to a prior request to the site administrator: Dejan Stosic.<\/p>\n<h2>Citation Policy<\/h2>\n<p>When including results obtained using the ParCoLab corpus in your publications, it is necessary to acknowledge the website and provide a citation using the following reference:<\/p>\n<ul>\n<li>Miletic Aleksandra, Dejan Stosic, Sa\u0161a Marjanovi\u0107. \u201eParCoLab: A Parallel Corpus for Serbian, French and English.\u201d <em>Text, Speech, and Dialogue. 20th International Conference, TSD 2017, Prague, Czech Republic, August 27\u201331, 2017 Proceedings.<\/em> Kamil Ek\u0161tein, V\u00e1clav Matou\u0161ek. <em>Lecture Notes in Artificial Intelligence<\/em> 10415. Cham: Springer, 2017. 156\u2013164 (DOI: 10.1007\/978-3-319-64206-2_18; ISSN 0302-9743, e-ISSN 1611-3349, ISBN 978-3-319-64205-5, e-ISBN 978-3-319-64206-2).<\/li>\n<\/ul>\n","protected":false},"excerpt":{"rendered":"<p>Updated on Saturday, June 6th, 2020 Description https:\/\/parcolab.univ-tlse2.fr\/ &#8220;ParCoLab&#8221; project website, CLLE-ERSS &amp; Universit\u00e9 Toulouse Jean Jaur\u00e8s, Toulouse, France Publisher This website is the official website of the ParCoLab project carried out within CLLE-ERSS (UMR 5263 CNRS &amp; UT2J), University of Toulouse Jean Jaur\u00e8s, Campus du Mirail, 5 all\u00e9es Antonio Machado, 31058 Toulouse. Publication Director:&#8230;  <a href=\"https:\/\/parcolab.univ-tlse2.fr\/en\/terms-and-conditions\/\" class=\"more-link\" title=\"Read Terms and Conditions\">Read more &raquo;<\/a><\/p>\n","protected":false},"author":1,"featured_media":0,"parent":0,"menu_order":0,"comment_status":"closed","ping_status":"closed","template":"page-full-width.php","meta":{"footnotes":""},"class_list":["post-52","page","type-page","status-publish","hentry"],"post_mailing_queue_ids":[],"_links":{"self":[{"href":"https:\/\/parcolab.univ-tlse2.fr\/en\/wp-json\/wp\/v2\/pages\/52","targetHints":{"allow":["GET"]}}],"collection":[{"href":"https:\/\/parcolab.univ-tlse2.fr\/en\/wp-json\/wp\/v2\/pages"}],"about":[{"href":"https:\/\/parcolab.univ-tlse2.fr\/en\/wp-json\/wp\/v2\/types\/page"}],"author":[{"embeddable":true,"href":"https:\/\/parcolab.univ-tlse2.fr\/en\/wp-json\/wp\/v2\/users\/1"}],"replies":[{"embeddable":true,"href":"https:\/\/parcolab.univ-tlse2.fr\/en\/wp-json\/wp\/v2\/comments?post=52"}],"version-history":[{"count":12,"href":"https:\/\/parcolab.univ-tlse2.fr\/en\/wp-json\/wp\/v2\/pages\/52\/revisions"}],"predecessor-version":[{"id":3149,"href":"https:\/\/parcolab.univ-tlse2.fr\/en\/wp-json\/wp\/v2\/pages\/52\/revisions\/3149"}],"wp:attachment":[{"href":"https:\/\/parcolab.univ-tlse2.fr\/en\/wp-json\/wp\/v2\/media?parent=52"}],"curies":[{"name":"wp","href":"https:\/\/api.w.org\/{rel}","templated":true}]}}