{"id":1631,"date":"2018-11-24T17:49:08","date_gmt":"2018-11-24T16:49:08","guid":{"rendered":"https:\/\/parcolab.univ-tlse2.fr\/?page_id=1631"},"modified":"2023-01-16T09:47:10","modified_gmt":"2023-01-16T08:47:10","slug":"parcolaf","status":"publish","type":"page","link":"https:\/\/parcolab.univ-tlse2.fr\/en\/parcolaf\/","title":{"rendered":"ParCoLaF"},"content":{"rendered":"<p style=\"text-align: justify;\" class=\"lead\">La constitution des corpus parall\u00e8les pour les langues de France est au coeur du projet ParCoLaF.<\/p>\n<p style=\"text-align: justify;\">L&#8217;objectif du projet ParCoLaF est de dresser les ponts entre le fran\u00e7ais et les autres langues de France en cr\u00e9ant des corpus parall\u00e8les pour diff\u00e9rentes paires de langues.\u00a0Le projet ParCoLaF a \u00e9t\u00e9 soutenu par la <a href=\"http:\/\/www.culture.gouv.fr\/Thematiques\/Langue-francaise-et-langues-de-France\">D\u00e9l\u00e9gation g\u00e9n\u00e9rale \u00e0 la langue fran\u00e7aise et aux langues de France<\/a> (DGLFLF) du <a href=\"http:\/\/www.culture.gouv.fr\">Minist\u00e8re de la Culture<\/a>, dans le cadre de\u00a0l\u2019appel \u00e0 projets \u00ab\u00a0<a href=\"http:\/\/www.culture.gouv.fr\/Thematiques\/Langue-francaise-et-langues-de-France\/Politiques-de-la-langue\/Langues-et-numerique\/Appel-a-projets-national-Langues-et-numerique-2017\">Langues et num\u00e9rique 2017<\/a>\u00a0\u00bb et il est dirig\u00e9 par D. Stosic et M. Bras.<\/p>\n<h3>Pr\u00e9sentation du projet<\/h3>\n<p style=\"text-align: justify;\">L\u2019objectif g\u00e9n\u00e9ral du projet ParCoLaF est de d\u00e9velopper une plateforme pour la constitution, la diffusion et l\u2019interrogation de corpus parall\u00e8les comportant des textes en fran\u00e7ais et en langues r\u00e9gionales de France, avec une focalisation sur l\u2019occitan, qui sert de langue pilote. Le projet est d\u00e9velopp\u00e9 au sein du Laboratoire CLLE (UMR 5263 &#8211; CNRS &amp; UT2J) et il r\u00e9sulte de la convergence de deux dynamiques de recherches \u00e9voluant parall\u00e8lement au sein de ce m\u00eame laboratoire, \u00e0 savoir le projet <a href=\"https:\/\/parcolab.univ-tlse2.fr\">ParCoLab<\/a>\u00a0(dirig\u00e9 par D. Stosic) et le projet\u00a0<a href=\"http:\/\/redac.univ-tlse2.fr\/bateloc\">BaTel\u00d2c<\/a> (dirig\u00e9 par M. Bras). Le projet ParCoLaF repose en effet sur la mutualisation des comp\u00e9tences, savoir-faire, donn\u00e9es et ressources propres \u00e0 chacun des deux projets. A court terme, nous visons \u00e0 constituer une ressource textuelle \u00e9lectronique multilingue comportant des textes en fran\u00e7ais et en occitan, align\u00e9s au niveau des paragraphes et des phrases avec leurs traductions. A plus long terme,\u00a0notre but est d\u2019offrir, \u00e0 l\u2019issue du projet pilote avec l\u2019occitan, une infrastructure performante au service d\u2019autres langues de France peu dot\u00e9es\u00a0en vue de leur mise en valeur gr\u00e2ce \u00e0 une nouvelle forme de diffusion. La plateforme en construction a \u00e9galement pour but de permettre la\u00a0collecte et la centralisation des donn\u00e9es bilingues et multilingues issues de langues de France.<\/p>\n<a href=\"https:\/\/parcolab.univ-tlse2.fr\/wp-content\/uploads\/2018\/12\/carte_LFR_atlas_limsi_light.jpg\"><img fetchpriority=\"high\" decoding=\"async\" class=\"aligncenter wp-image-1693 \" src=\"https:\/\/parcolab.univ-tlse2.fr\/wp-content\/uploads\/2018\/12\/carte_LFR_atlas_limsi_light.jpg\" alt=\"\" width=\"529\" height=\"472\" srcset=\"https:\/\/parcolab.univ-tlse2.fr\/wp-content\/uploads\/2018\/12\/carte_LFR_atlas_limsi_light.jpg 4677w, https:\/\/parcolab.univ-tlse2.fr\/wp-content\/uploads\/2018\/12\/carte_LFR_atlas_limsi_light-300x268.jpg 300w, https:\/\/parcolab.univ-tlse2.fr\/wp-content\/uploads\/2018\/12\/carte_LFR_atlas_limsi_light-768x686.jpg 768w, https:\/\/parcolab.univ-tlse2.fr\/wp-content\/uploads\/2018\/12\/carte_LFR_atlas_limsi_light-1024x915.jpg 1024w\" sizes=\"(max-width: 529px) 100vw, 529px\" \/><\/a>\n<p style=\"text-align: center;\">Carte emprunt\u00e9e \u00e0 l&#8217;<a href=\"https:\/\/atlas.limsi.fr\/?tab=Hexagone\">Atlas sonore des langues r\u00e9gionales de France<\/a><\/p>\n<p style=\"text-align: center;\">(Tous droits reserv\u00e9s 2018: <a href=\"https:\/\/www.limsi.fr\/\">Laboratoire LIMSI UPR3251 &#8211; CNRS)<\/a><\/p>\n<p style=\"text-align: justify;\">Gr\u00e2ce au financement dans le cadre de l\u2019AAP \u00ab <a href=\"http:\/\/www.culture.gouv.fr\/Thematiques\/Langue-francaise-et-langues-de-France\/Politiques-de-la-langue\/Langues-et-numerique\/Resultats-de-l-appel-a-projets-Langues-et-numerique-2017\">Langues et num\u00e9rique 2017<\/a> \u00bb, une refonte substantielle de la plateforme ParCoLab a pu \u00eatre r\u00e9alis\u00e9e. Celle-ci peut d\u00e9sormais accueillir jusqu\u2019\u00e0 12 langues diff\u00e9rentes et offre des fonctionnalit\u00e9s de recherche avanc\u00e9es, ainsi que la possibilit\u00e9 de rapatrier des r\u00e9sultats de requ\u00eates. En outre, il est d\u00e9sormais possible d&#8217;int\u00e9grer des donn\u00e9es annot\u00e9es aux niveaux lexical, morpho-syntaxique et syntaxique. L\u2019interface de consultation utilise un site web adaptatif (\u00ab responsive web design \u00bb) au format HTML5. Ces technologies permettent de consulter la ressource aussi bien sur des ordinateurs que sur des tablettes et smartphones, l\u2019interface s\u2019adaptant dynamiquement et en temps r\u00e9el au format du support sur lequel elle est consult\u00e9e.<\/p>\n<p style=\"text-align: justify;\">Parall\u00e8lement aux d\u00e9veloppements informatiques, un travail de recensement et d\u2019int\u00e9gration de textes disponibles en occitan et en fran\u00e7ais est men\u00e9 en collaboration avec les deux partenaires du projet, le <a href=\"https:\/\/locirdoc.fr\">CIRDOC<\/a> et <a href=\"https:\/\/www.joli-ciel.com\">Joliciel<\/a>. Au total, une trentaine de textes existant en occitan, en fran\u00e7ais et\/ou anglais ont pu \u00eatre identifi\u00e9s. Certains sont d\u00e9j\u00e0 align\u00e9s avec les versions dans les trois autres langues et plusieurs d\u2019entre eux sont en cours d\u2019int\u00e9gration dans le corpus parall\u00e8le. Les donn\u00e9es sont structur\u00e9es selon les standards actuels en mati\u00e8re de constitution et de diffusion de corpus (format XML, norm\u00e9 TEI5) et tous les alignements sont manuellement v\u00e9rifi\u00e9s. A l\u2019issue de ce processus, les textes align\u00e9s au niveau des paragraphes et des phrases sont rendus disponibles dans la base textuelle pour interrogation.<\/p>\n<p style=\"text-align: justify;\">La ressource textuelle produite est h\u00e9berg\u00e9e par la <a href=\"https:\/\/www.huma-num.fr\">TGIR Huma-Num<\/a>, ce qui garantit la p\u00e9rennisation du patrimoine linguistique et culturel mis en valeur dans le cadre du projet.<\/p>\n<h4>Ouvrages align\u00e9s avec le texte en occitan<\/h4>\n<h4><span style=\"color: #666699;\">Le chien des Baskerville<\/span><\/h4>\nNo logos found\t\t<\/div> <!-- End lcsp_logo_carousel_slider -->\r\n\t<\/div> <!-- End lcsp_wrapper -->\r\n\r\n\r\n\t<script type=\"text\/javascript\">\r\n\t\tjQuery(document).ready(function($) {\r\n\t\t  jQuery(\".lcsp_logo_carousel_slider_539785128\").owlCarousel({\r\n\t\t\t\tautoPlay: 4000, \r\n\t\t\t\titems : 5,\r\n\t\t\t\titemsDesktop: [1199,4],\r\n\t\t\t\titemsTablet : [768,3],\r\n\t\t\t\titemsMobile : [479,2],\r\n\t\t\t\tslideSpeed : 800,\t\t\t\t\r\n\t\t\t\tstopOnHover : true,\r\n\t\t\t\tpagination : false,\r\n\t\t\t\tpaginationNumbers: false,\r\n\t\t\t\tscrollPerPage: false,\r\n\t\t\t\tnavigation : true,\r\n\t\t\t\tnavigationText : [\"\u2039\",\"\u203a\"],\t\t\r\n\t\t\t\t\r\n\t\t  });\r\n\t\t  jQuery(\".lcsp_tooltip_1413049386\").tooltipster({\r\n\t\t\t   theme: \"tooltipster-lcsp-1413049386\",\r\n\t\t\t   animation: \"grow\",\r\n\t\t\t   delay: 200,\r\n\t\t\t   trigger: \"hover\"\r\n\t\t  });\r\n\t\t});\r\n\t<\/script>\n<h4><span style=\"color: #666699;\">Le livre de la jungle (extraits)<\/span><\/h4>\nNo logos found\t\t<\/div> <!-- End lcsp_logo_carousel_slider -->\r\n\t<\/div> <!-- End lcsp_wrapper -->\r\n\r\n\r\n\t<script type=\"text\/javascript\">\r\n\t\tjQuery(document).ready(function($) {\r\n\t\t  jQuery(\".lcsp_logo_carousel_slider_1108000067\").owlCarousel({\r\n\t\t\t\tautoPlay: 4000, \r\n\t\t\t\titems : 5,\r\n\t\t\t\titemsDesktop: [1199,4],\r\n\t\t\t\titemsTablet : [768,3],\r\n\t\t\t\titemsMobile : [479,2],\r\n\t\t\t\tslideSpeed : 800,\t\t\t\t\r\n\t\t\t\tstopOnHover : true,\r\n\t\t\t\tpagination : true,\r\n\t\t\t\tpaginationNumbers: false,\r\n\t\t\t\tscrollPerPage: false,\r\n\t\t\t\tnavigation : true,\r\n\t\t\t\tnavigationText : [\"\u2039\",\"\u203a\"],\t\t\r\n\t\t\t\t\r\n\t\t  });\r\n\t\t  jQuery(\".lcsp_tooltip_1135206351\").tooltipster({\r\n\t\t\t   theme: \"tooltipster-lcsp-1135206351\",\r\n\t\t\t   animation: \"grow\",\r\n\t\t\t   delay: 200,\r\n\t\t\t   trigger: \"hover\"\r\n\t\t  });\r\n\t\t});\r\n\t<\/script>\n<h4>Nous remercions les institutions suivantes pour leur soutien et leur contribution au projet:<\/h4>\n<h3><\/h3>\n\r\n\t<style type=\"text\/css\">\r\n\t\t\t\t\t#lcsp_wrapper_1086411179 #lcsp_logo_carousel_slider .owl-buttons { position: absolute; right: 0; top: -34px; } \r\n\t\t\t#lcsp_wrapper_1086411179 #lcsp_logo_carousel_slider .owl-buttons div { background: #ffffff; border-radius: 2px; margin: 2px; padding: 0; width: 27px; height: 27px; line-height: 20px; font-size: 22px; opacity: 1; color: #ccc; border: 1px solid #ccc; z-index: 999; -moz-transition: all 0.3s linear; -o-transition: all 0.3s linear; -webkit-transition: all 0.3s linear; transition: all 0.3s linear; }\r\n\t\t\t\t\t\t\t#lcsp_wrapper_1086411179 .lcsp_logo_container a.lcsp_logo_link { border: 1px solid #d6d4d4; }\r\n\t\t\t\t\t\t\t#lcsp_wrapper_1086411179 .lcsp_logo_container a.lcsp_logo_link:hover { border: 1px solid #A0A0A0; }\r\n\t\t\t#lcsp_wrapper_1086411179 .lcsp_logo_container a:hover img { -moz-transform: scale(1.05,1.05); -webkit-transform: scale(1.05,1.05); -o-transform: scale(1.05,1.05); -ms-transform: scale(1.05,1.05); transform: scale(1.05,1.05); }\r\n\t\t\t\t#lcsp_wrapper_1086411179 #lcsp_logo_carousel_slider .owl-buttons div:hover { background: #ffffff; color: #A0A0A0; border: 1px solid #A0A0A0; }\r\n\t\t#lcsp_wrapper_1086411179 h2.lcsp_logo_carousel_slider_title { font-size: 18px; color: #444; }\r\n\t\t#lcsp_wrapper_1086411179 h3.lcsp_logo_title { font-size: 14px!important; color: #444!important; }\r\n\t\t#lcsp_wrapper_1086411179 h3.lcsp_logo_title:hover { color: #808080!important; }\r\n\t\t.tooltipster-lcsp-1266328206 { border-radius: 3px; color: #ffffff!important; background-color: #666666!important; }\r\n\t\t.tooltipster-lcsp-1266328206 .tooltipster-content { font-family: Arial, sans-serif; font-size: 14px; line-height: 16px; padding: 8px 12px; font-size: 14px!important; }\r\n\t\t#lcsp_wrapper_1086411179 #lcsp_logo_carousel_slider .owl-controls .owl-page span { background: #666666!important; }\r\n\t\t#lcsp_wrapper_1086411179 #lcsp_logo_carousel_slider .owl-controls .owl-page span.owl-numbers { background: #666666!important; }\r\n\t<\/style>\r\n\r\n\t<div id=\"lcsp_wrapper_1086411179\">\r\n\r\n\t\t\r\n\t\t<div id=\"lcsp_logo_carousel_slider\" class=\"owl-carousel lcsp_logo_carousel_slider_1086411179\">\r\n\t\t    \t\t        \t        \t<div class=\"lcsp_logo_container\">\r\n\t        \t  \t\t            <a href=\"http:\/\/www.univ-tlse2.fr\" class=\"lcsp_logo_link\" target=\"_blank\">\r\n\t\t            \t<img decoding=\"async\" src=\"https:\/\/parcolab.univ-tlse2.fr\/wp-content\/uploads\/2016\/04\/Universite-Jean-jaures-LOGO-e1482160354314.jpg\" alt=\"\" class=\"lcsp_tooltip_1266328206\"  \/>\t\t            <\/a>\r\n\t\t          \t\t          \t\t\t          \t\t\t            \t<a href=\"http:\/\/www.univ-tlse2.fr\" target=\"_blank\"><h3 class=\"lcsp_logo_title\">Universit\u00e9 Toulouse 2<\/h3><\/a>\r\n\t\t\t          \t\t          \t            <\/div> \t            \r\n\t\t    \t\t        \t        \t<div class=\"lcsp_logo_container\">\r\n\t        \t  \t\t            <a href=\"http:\/\/w3.erss.univ-tlse2.fr\" class=\"lcsp_logo_link\" target=\"_blank\">\r\n\t\t            \t<img decoding=\"async\" src=\"https:\/\/parcolab.univ-tlse2.fr\/wp-content\/uploads\/2015\/02\/logo-errs-cle.png\" alt=\"\" class=\"lcsp_tooltip_1266328206\"  \/>\t\t            <\/a>\r\n\t\t          \t\t          \t\t\t          \t\t\t            \t<a href=\"http:\/\/w3.erss.univ-tlse2.fr\" target=\"_blank\"><h3 class=\"lcsp_logo_title\">Laboratoire CLLE-ERSS<\/h3><\/a>\r\n\t\t\t          \t\t          \t            <\/div> \t            \r\n\t\t    \t\t        \t        \t<div class=\"lcsp_logo_container\">\r\n\t        \t  \t\t            <a href=\"http:\/\/www.cnrs.fr\" class=\"lcsp_logo_link\" target=\"_blank\">\r\n\t\t            \t<img decoding=\"async\" src=\"https:\/\/parcolab.univ-tlse2.fr\/wp-content\/uploads\/2016\/04\/cnrs-e1460927181682.jpg\" alt=\"\" class=\"lcsp_tooltip_1266328206\"  \/>\t\t            <\/a>\r\n\t\t          \t\t          \t\t\t          \t\t\t            \t<a href=\"http:\/\/www.cnrs.fr\" target=\"_blank\"><h3 class=\"lcsp_logo_title\">CNRS<\/h3><\/a>\r\n\t\t\t          \t\t          \t            <\/div> \t            \r\n\t\t    \t\t    \t\t<\/div> <!-- End lcsp_logo_carousel_slider -->\r\n\t<\/div> <!-- End lcsp_wrapper -->\r\n\r\n\r\n\t<script type=\"text\/javascript\">\r\n\t\tjQuery(document).ready(function($) {\r\n\t\t  jQuery(\".lcsp_logo_carousel_slider_1086411179\").owlCarousel({\r\n\t\t\t\tautoPlay: 4000, \r\n\t\t\t\titems : 5,\r\n\t\t\t\titemsDesktop: [1199,4],\r\n\t\t\t\titemsTablet : [768,3],\r\n\t\t\t\titemsMobile : [479,2],\r\n\t\t\t\tslideSpeed : 800,\t\t\t\t\r\n\t\t\t\tstopOnHover : true,\r\n\t\t\t\tpagination : false,\r\n\t\t\t\tpaginationNumbers: false,\r\n\t\t\t\tscrollPerPage: false,\r\n\t\t\t\tnavigation : true,\r\n\t\t\t\tnavigationText : [\"\u2039\",\"\u203a\"],\t\t\r\n\t\t\t\t\r\n\t\t  });\r\n\t\t  jQuery(\".lcsp_tooltip_1266328206\").tooltipster({\r\n\t\t\t   theme: \"tooltipster-lcsp-1266328206\",\r\n\t\t\t   animation: \"grow\",\r\n\t\t\t   delay: 200,\r\n\t\t\t   trigger: \"hover\"\r\n\t\t  });\r\n\t\t});\r\n\t<\/script>\n<h3><\/h3>\n","protected":false},"excerpt":{"rendered":"<p>La constitution des corpus parall\u00e8les pour les langues de France est au coeur du projet ParCoLaF. L&#8217;objectif du projet ParCoLaF est de dresser les ponts entre le fran\u00e7ais et les autres langues de France en cr\u00e9ant des corpus parall\u00e8les pour diff\u00e9rentes paires de langues.\u00a0Le projet ParCoLaF a \u00e9t\u00e9 soutenu par la D\u00e9l\u00e9gation g\u00e9n\u00e9rale \u00e0 la&#8230;  <a href=\"https:\/\/parcolab.univ-tlse2.fr\/en\/logo\/cnrs\/\" class=\"more-link\" title=\"Read CNRS\">Read more &raquo;<\/a><\/p>\n","protected":false},"author":1,"featured_media":0,"parent":0,"menu_order":0,"comment_status":"closed","ping_status":"closed","template":"","meta":{"footnotes":""},"class_list":["post-1631","page","type-page","status-publish","hentry"],"post_mailing_queue_ids":[],"_links":{"self":[{"href":"https:\/\/parcolab.univ-tlse2.fr\/en\/wp-json\/wp\/v2\/pages\/1631","targetHints":{"allow":["GET"]}}],"collection":[{"href":"https:\/\/parcolab.univ-tlse2.fr\/en\/wp-json\/wp\/v2\/pages"}],"about":[{"href":"https:\/\/parcolab.univ-tlse2.fr\/en\/wp-json\/wp\/v2\/types\/page"}],"author":[{"embeddable":true,"href":"https:\/\/parcolab.univ-tlse2.fr\/en\/wp-json\/wp\/v2\/users\/1"}],"replies":[{"embeddable":true,"href":"https:\/\/parcolab.univ-tlse2.fr\/en\/wp-json\/wp\/v2\/comments?post=1631"}],"version-history":[{"count":32,"href":"https:\/\/parcolab.univ-tlse2.fr\/en\/wp-json\/wp\/v2\/pages\/1631\/revisions"}],"predecessor-version":[{"id":3042,"href":"https:\/\/parcolab.univ-tlse2.fr\/en\/wp-json\/wp\/v2\/pages\/1631\/revisions\/3042"}],"wp:attachment":[{"href":"https:\/\/parcolab.univ-tlse2.fr\/en\/wp-json\/wp\/v2\/media?parent=1631"}],"curies":[{"name":"wp","href":"https:\/\/api.w.org\/{rel}","templated":true}]}}