{"id":1300,"date":"2016-04-17T21:43:15","date_gmt":"2016-04-17T20:43:15","guid":{"rendered":"https:\/\/parcolab.univ-tlse2.fr\/onama\/liens\/"},"modified":"2017-08-02T11:49:38","modified_gmt":"2017-08-02T10:49:38","slug":"linkovi","status":"publish","type":"page","link":"https:\/\/parcolab.univ-tlse2.fr\/en\/onama\/linkovi\/","title":{"rendered":"Linkovi"},"content":{"rendered":"<p class=\"lead\">Na ovoj stranici \u0107ete na\u0107i linkove ka sajtovima ve\u0107ine ustanova koje su, svaka na svoj na\u010din, doprinele izradi paralelnog korpusa ParCoLab.<\/p>\n<h3><strong><span style=\"color: #666699;\">Sponzori<\/span><\/strong><\/h3>\n<p>&nbsp;<\/p>\n\r\n\t<style type=\"text\/css\">\r\n\t\t\t\t\t#lcsp_wrapper_1510842588 #lcsp_logo_carousel_slider .owl-buttons { position: absolute; right: 0; top: -34px; } \r\n\t\t\t#lcsp_wrapper_1510842588 #lcsp_logo_carousel_slider .owl-buttons div { background: #ffffff; border-radius: 2px; margin: 2px; padding: 0; width: 27px; height: 27px; line-height: 20px; font-size: 22px; opacity: 1; color: #ccc; border: 1px solid #ccc; z-index: 999; -moz-transition: all 0.3s linear; -o-transition: all 0.3s linear; -webkit-transition: all 0.3s linear; transition: all 0.3s linear; }\r\n\t\t\t\t\t\t\t#lcsp_wrapper_1510842588 .lcsp_logo_container a.lcsp_logo_link { border: 1px solid #d6d4d4; }\r\n\t\t\t\t\t\t\t#lcsp_wrapper_1510842588 .lcsp_logo_container a.lcsp_logo_link:hover { border: 1px solid #A0A0A0; }\r\n\t\t\t#lcsp_wrapper_1510842588 .lcsp_logo_container a:hover img { -moz-transform: scale(1.05,1.05); -webkit-transform: scale(1.05,1.05); -o-transform: scale(1.05,1.05); -ms-transform: scale(1.05,1.05); transform: scale(1.05,1.05); }\r\n\t\t\t\t#lcsp_wrapper_1510842588 #lcsp_logo_carousel_slider .owl-buttons div:hover { background: #ffffff; color: #A0A0A0; border: 1px solid #A0A0A0; }\r\n\t\t#lcsp_wrapper_1510842588 h2.lcsp_logo_carousel_slider_title { font-size: 22px; color: #666699; }\r\n\t\t#lcsp_wrapper_1510842588 h3.lcsp_logo_title { font-size: 14px!important; color: #444!important; }\r\n\t\t#lcsp_wrapper_1510842588 h3.lcsp_logo_title:hover { color: #808080!important; }\r\n\t\t.tooltipster-lcsp-1679026044 { border-radius: 3px; color: #ffffff!important; background-color: #666666!important; }\r\n\t\t.tooltipster-lcsp-1679026044 .tooltipster-content { font-family: Arial, sans-serif; font-size: 14px; line-height: 16px; padding: 8px 12px; font-size: 14px!important; }\r\n\t\t#lcsp_wrapper_1510842588 #lcsp_logo_carousel_slider .owl-controls .owl-page span { background: #666666!important; }\r\n\t\t#lcsp_wrapper_1510842588 #lcsp_logo_carousel_slider .owl-controls .owl-page span.owl-numbers { background: #666666!important; }\r\n\t<\/style>\r\n\r\n\t<div id=\"lcsp_wrapper_1510842588\">\r\n\r\n\t\t\r\n\t\t<div id=\"lcsp_logo_carousel_slider\" class=\"owl-carousel lcsp_logo_carousel_slider_1510842588\">\r\n\t\t    \t\t        \t        \t<div class=\"lcsp_logo_container\">\r\n\t        \t  \t\t            <a href=\"http:\/\/www.univ-tlse2.fr\" class=\"lcsp_logo_link\" target=\"_blank\">\r\n\t\t            \t<img decoding=\"async\" src=\"https:\/\/parcolab.univ-tlse2.fr\/wp-content\/uploads\/2016\/04\/Universite-Jean-jaures-LOGO-e1482160354314.jpg\" alt=\"\" class=\"lcsp_tooltip_1679026044\"  \/>\t\t            <\/a>\r\n\t\t          \t\t          \t\t\t          \t\t\t            \t<a href=\"http:\/\/www.univ-tlse2.fr\" target=\"_blank\"><h3 class=\"lcsp_logo_title\">Universit\u00e9 Toulouse 2<\/h3><\/a>\r\n\t\t\t          \t\t          \t            <\/div> \t            \r\n\t\t    \t\t        \t        \t<div class=\"lcsp_logo_container\">\r\n\t        \t  \t\t            <a href=\"http:\/\/w3.erss.univ-tlse2.fr\" class=\"lcsp_logo_link\" target=\"_blank\">\r\n\t\t            \t<img decoding=\"async\" src=\"https:\/\/parcolab.univ-tlse2.fr\/wp-content\/uploads\/2015\/02\/logo-errs-cle.png\" alt=\"\" class=\"lcsp_tooltip_1679026044\"  \/>\t\t            <\/a>\r\n\t\t          \t\t          \t\t\t          \t\t\t            \t<a href=\"http:\/\/w3.erss.univ-tlse2.fr\" target=\"_blank\"><h3 class=\"lcsp_logo_title\">Laboratoire CLLE-ERSS<\/h3><\/a>\r\n\t\t\t          \t\t          \t            <\/div> \t            \r\n\t\t    \t\t        \t        \t<div class=\"lcsp_logo_container\">\r\n\t        \t  \t\t            <a href=\"http:\/\/www.cnrs.fr\" class=\"lcsp_logo_link\" target=\"_blank\">\r\n\t\t            \t<img decoding=\"async\" src=\"https:\/\/parcolab.univ-tlse2.fr\/wp-content\/uploads\/2016\/04\/cnrs-e1460927181682.jpg\" alt=\"\" class=\"lcsp_tooltip_1679026044\"  \/>\t\t            <\/a>\r\n\t\t          \t\t          \t\t\t          \t\t\t            \t<a href=\"http:\/\/www.cnrs.fr\" target=\"_blank\"><h3 class=\"lcsp_logo_title\">CNRS<\/h3><\/a>\r\n\t\t\t          \t\t          \t            <\/div> \t            \r\n\t\t    \t\t    \t\t<\/div> <!-- End lcsp_logo_carousel_slider -->\r\n\t<\/div> <!-- End lcsp_wrapper -->\r\n\r\n\r\n\t<script type=\"text\/javascript\">\r\n\t\tjQuery(document).ready(function($) {\r\n\t\t  jQuery(\".lcsp_logo_carousel_slider_1510842588\").owlCarousel({\r\n\t\t\t\tautoPlay: 4000, \r\n\t\t\t\titems : 5,\r\n\t\t\t\titemsDesktop: [1199,4],\r\n\t\t\t\titemsTablet : [768,3],\r\n\t\t\t\titemsMobile : [479,2],\r\n\t\t\t\tslideSpeed : 800,\t\t\t\t\r\n\t\t\t\tstopOnHover : true,\r\n\t\t\t\tpagination : true,\r\n\t\t\t\tpaginationNumbers: false,\r\n\t\t\t\tscrollPerPage: false,\r\n\t\t\t\tnavigation : true,\r\n\t\t\t\tnavigationText : [\"\u2039\",\"\u203a\"],\t\t\r\n\t\t\t\t\r\n\t\t  });\r\n\t\t  jQuery(\".lcsp_tooltip_1679026044\").tooltipster({\r\n\t\t\t   theme: \"tooltipster-lcsp-1679026044\",\r\n\t\t\t   animation: \"grow\",\r\n\t\t\t   delay: 200,\r\n\t\t\t   trigger: \"hover\"\r\n\t\t  });\r\n\t\t});\r\n\t<\/script>\n<p>&nbsp;<\/p>\n<h3><strong><span style=\"color: #666699;\">Izdava\u010dke ku\u0107e<\/span><\/strong><\/h3>\n<p>&nbsp;<\/p>\nNo logos found\t\t<\/div> <!-- End lcsp_logo_carousel_slider -->\r\n\t<\/div> <!-- End lcsp_wrapper -->\r\n\r\n\r\n\t<script type=\"text\/javascript\">\r\n\t\tjQuery(document).ready(function($) {\r\n\t\t  jQuery(\".lcsp_logo_carousel_slider_71229823\").owlCarousel({\r\n\t\t\t\tautoPlay: 4000, \r\n\t\t\t\titems : 5,\r\n\t\t\t\titemsDesktop: [1199,4],\r\n\t\t\t\titemsTablet : [768,3],\r\n\t\t\t\titemsMobile : [479,2],\r\n\t\t\t\tslideSpeed : 800,\t\t\t\t\r\n\t\t\t\tstopOnHover : true,\r\n\t\t\t\tpagination : true,\r\n\t\t\t\tpaginationNumbers: false,\r\n\t\t\t\tscrollPerPage: false,\r\n\t\t\t\tnavigation : true,\r\n\t\t\t\tnavigationText : [\"\u2039\",\"\u203a\"],\t\t\r\n\t\t\t\t\r\n\t\t  });\r\n\t\t  jQuery(\".lcsp_tooltip_1276605092\").tooltipster({\r\n\t\t\t   theme: \"tooltipster-lcsp-1276605092\",\r\n\t\t\t   animation: \"grow\",\r\n\t\t\t   delay: 200,\r\n\t\t\t   trigger: \"hover\"\r\n\t\t  });\r\n\t\t});\r\n\t<\/script>\n<p>&nbsp;<\/p>\n<h3><span style=\"color: #666699;\">Ostali partneri<\/span><\/h3>\n<p>&nbsp;<\/p>\n\r\n\t<style type=\"text\/css\">\r\n\t\t\t\t\t#lcsp_wrapper_1550483981 #lcsp_logo_carousel_slider .owl-buttons { position: absolute; right: 0; top: -34px; } \r\n\t\t\t#lcsp_wrapper_1550483981 #lcsp_logo_carousel_slider .owl-buttons div { background: #ffffff; border-radius: 2px; margin: 2px; padding: 0; width: 27px; height: 27px; line-height: 20px; font-size: 22px; opacity: 1; color: #ccc; border: 1px solid #ccc; z-index: 999; -moz-transition: all 0.3s linear; -o-transition: all 0.3s linear; -webkit-transition: all 0.3s linear; transition: all 0.3s linear; }\r\n\t\t\t\t\t\t\t#lcsp_wrapper_1550483981 .lcsp_logo_container a.lcsp_logo_link { border: 1px solid #d6d4d4; }\r\n\t\t\t\t\t\t\t#lcsp_wrapper_1550483981 .lcsp_logo_container a.lcsp_logo_link:hover { border: 1px solid #A0A0A0; }\r\n\t\t\t#lcsp_wrapper_1550483981 .lcsp_logo_container a:hover img { -moz-transform: scale(1.05,1.05); -webkit-transform: scale(1.05,1.05); -o-transform: scale(1.05,1.05); -ms-transform: scale(1.05,1.05); transform: scale(1.05,1.05); }\r\n\t\t\t\t#lcsp_wrapper_1550483981 #lcsp_logo_carousel_slider .owl-buttons div:hover { background: #ffffff; color: #A0A0A0; border: 1px solid #A0A0A0; }\r\n\t\t#lcsp_wrapper_1550483981 h2.lcsp_logo_carousel_slider_title { font-size: 22px; color: #444; }\r\n\t\t#lcsp_wrapper_1550483981 h3.lcsp_logo_title { font-size: 14px!important; color: #444!important; }\r\n\t\t#lcsp_wrapper_1550483981 h3.lcsp_logo_title:hover { color: #808080!important; }\r\n\t\t.tooltipster-lcsp-1951792265 { border-radius: 3px; color: #ffffff!important; background-color: #666666!important; }\r\n\t\t.tooltipster-lcsp-1951792265 .tooltipster-content { font-family: Arial, sans-serif; font-size: 14px; line-height: 16px; padding: 8px 12px; font-size: 14px!important; }\r\n\t\t#lcsp_wrapper_1550483981 #lcsp_logo_carousel_slider .owl-controls .owl-page span { background: #666666!important; }\r\n\t\t#lcsp_wrapper_1550483981 #lcsp_logo_carousel_slider .owl-controls .owl-page span.owl-numbers { background: #666666!important; }\r\n\t<\/style>\r\n\r\n\t<div id=\"lcsp_wrapper_1550483981\">\r\n\r\n\t\t\r\n\t\t<div id=\"lcsp_logo_carousel_slider\" class=\"owl-carousel lcsp_logo_carousel_slider_1550483981\">\r\n\t\t    \t\t        \t        \t<div class=\"lcsp_logo_container\">\r\n\t        \t  \t\t            <a href=\"https:\/\/www.monde-diplomatique.fr\" class=\"lcsp_logo_link\" target=\"_blank\">\r\n\t\t            \t<img decoding=\"async\" src=\"https:\/\/parcolab.univ-tlse2.fr\/wp-content\/uploads\/2023\/01\/Capture-decran-2023-01-13-a-14.15.06.png\" alt=\"Le Monde diplomatique\" class=\"lcsp_tooltip_1951792265\"title=\"Le Monde diplomatique\"  \/>\t\t            <\/a>\r\n\t\t          \t\t          \t\t\t          \t\t\t            \t<a href=\"https:\/\/www.monde-diplomatique.fr\" target=\"_blank\"><h3 class=\"lcsp_logo_title\">Le Monde diplomatique<\/h3><\/a>\r\n\t\t\t          \t\t          \t            <\/div> \t            \r\n\t\t    \t\t        \t        \t<div class=\"lcsp_logo_container\">\r\n\t        \t  \t\t            <a href=\"https:\/\/forellis.labo.univ-poitiers.fr\" class=\"lcsp_logo_link\" target=\"_blank\">\r\n\t\t            \t<img decoding=\"async\" src=\"https:\/\/parcolab.univ-tlse2.fr\/wp-content\/uploads\/2022\/12\/logoFoReLLIS-UR15075-transparent.png\" alt=\"FoReLLIS\" class=\"lcsp_tooltip_1951792265\"  \/>\t\t            <\/a>\r\n\t\t          \t\t          \t\t\t          \t\t\t            \t<a href=\"https:\/\/forellis.labo.univ-poitiers.fr\" target=\"_blank\"><h3 class=\"lcsp_logo_title\">Laboratoire FoReLLIS<\/h3><\/a>\r\n\t\t\t          \t\t          \t            <\/div> \t            \r\n\t\t    \t\t        \t        \t<div class=\"lcsp_logo_container\">\r\n\t        \t  \t\t            <a href=\"http:\/\/www.khazars.com\/en\/\" class=\"lcsp_logo_link\" target=\"_blank\">\r\n\t\t            \t<img decoding=\"async\" src=\"https:\/\/parcolab.univ-tlse2.fr\/wp-content\/uploads\/2020\/05\/khazars.jpeg\" alt=\"\" class=\"lcsp_tooltip_1951792265\"  \/>\t\t            <\/a>\r\n\t\t          \t\t          \t\t\t          \t\t\t            \t<a href=\"http:\/\/www.khazars.com\/en\/\" target=\"_blank\"><h3 class=\"lcsp_logo_title\">Bequest of Milorad Pavi\u0107<\/h3><\/a>\r\n\t\t\t          \t\t          \t            <\/div> \t            \r\n\t\t    \t\t        \t        \t<div class=\"lcsp_logo_container\">\r\n\t        \t  \t\t            <a href=\"https:\/\/www.nedeljnik.rs\/\" class=\"lcsp_logo_link\" target=\"_blank\">\r\n\t\t            \t<img decoding=\"async\" src=\"https:\/\/parcolab.univ-tlse2.fr\/wp-content\/uploads\/2017\/08\/nedeljnik.png\" alt=\"\" class=\"lcsp_tooltip_1951792265\"  \/>\t\t            <\/a>\r\n\t\t          \t\t          \t\t\t          \t\t\t            \t<a href=\"https:\/\/www.nedeljnik.rs\/\" target=\"_blank\"><h3 class=\"lcsp_logo_title\">Nedeljnik<\/h3><\/a>\r\n\t\t\t          \t\t          \t            <\/div> \t            \r\n\t\t    \t\t    \t\t<\/div> <!-- End lcsp_logo_carousel_slider -->\r\n\t<\/div> <!-- End lcsp_wrapper -->\r\n\r\n\r\n\t<script type=\"text\/javascript\">\r\n\t\tjQuery(document).ready(function($) {\r\n\t\t  jQuery(\".lcsp_logo_carousel_slider_1550483981\").owlCarousel({\r\n\t\t\t\tautoPlay: 4000, \r\n\t\t\t\titems : 5,\r\n\t\t\t\titemsDesktop: [1199,4],\r\n\t\t\t\titemsTablet : [768,3],\r\n\t\t\t\titemsMobile : [479,2],\r\n\t\t\t\tslideSpeed : 800,\t\t\t\t\r\n\t\t\t\tstopOnHover : true,\r\n\t\t\t\tpagination : true,\r\n\t\t\t\tpaginationNumbers: false,\r\n\t\t\t\tscrollPerPage: false,\r\n\t\t\t\tnavigation : true,\r\n\t\t\t\tnavigationText : [\"\u2039\",\"\u203a\"],\t\t\r\n\t\t\t\t\r\n\t\t  });\r\n\t\t  jQuery(\".lcsp_tooltip_1951792265\").tooltipster({\r\n\t\t\t   theme: \"tooltipster-lcsp-1951792265\",\r\n\t\t\t   animation: \"grow\",\r\n\t\t\t   delay: 200,\r\n\t\t\t   trigger: \"hover\"\r\n\t\t  });\r\n\t\t});\r\n\t<\/script>\n<p>&nbsp;<\/p>\n<h3><strong><span style=\"color: #666699;\">Korisni linkovi<\/span><\/strong><\/h3>\n<p>&nbsp;<\/p>\nNo logos found\t\t<\/div> <!-- End lcsp_logo_carousel_slider -->\r\n\t<\/div> <!-- End lcsp_wrapper -->\r\n\r\n\r\n\t<script type=\"text\/javascript\">\r\n\t\tjQuery(document).ready(function($) {\r\n\t\t  jQuery(\".lcsp_logo_carousel_slider_1388509852\").owlCarousel({\r\n\t\t\t\tautoPlay: 4000, \r\n\t\t\t\titems : 5,\r\n\t\t\t\titemsDesktop: [1199,4],\r\n\t\t\t\titemsTablet : [768,3],\r\n\t\t\t\titemsMobile : [479,2],\r\n\t\t\t\tslideSpeed : 800,\t\t\t\t\r\n\t\t\t\tstopOnHover : true,\r\n\t\t\t\tpagination : true,\r\n\t\t\t\tpaginationNumbers: false,\r\n\t\t\t\tscrollPerPage: false,\r\n\t\t\t\tnavigation : true,\r\n\t\t\t\tnavigationText : [\"\u2039\",\"\u203a\"],\t\t\r\n\t\t\t\t\r\n\t\t  });\r\n\t\t  jQuery(\".lcsp_tooltip_530099014\").tooltipster({\r\n\t\t\t   theme: \"tooltipster-lcsp-530099014\",\r\n\t\t\t   animation: \"grow\",\r\n\t\t\t   delay: 200,\r\n\t\t\t   trigger: \"hover\"\r\n\t\t  });\r\n\t\t});\r\n\t<\/script>\n","protected":false},"excerpt":{"rendered":"<p>Na ovoj stranici \u0107ete na\u0107i linkove ka sajtovima ve\u0107ine ustanova koje su, svaka na svoj na\u010din, doprinele izradi paralelnog korpusa ParCoLab. Sponzori &nbsp; &nbsp; Izdava\u010dke ku\u0107e &nbsp; &nbsp; Ostali partneri &nbsp; &nbsp; Korisni linkovi &nbsp;<\/p>\n","protected":false},"author":1,"featured_media":0,"parent":40,"menu_order":0,"comment_status":"closed","ping_status":"closed","template":"","meta":{"footnotes":""},"class_list":["post-1300","page","type-page","status-publish","hentry"],"post_mailing_queue_ids":[],"_links":{"self":[{"href":"https:\/\/parcolab.univ-tlse2.fr\/en\/wp-json\/wp\/v2\/pages\/1300","targetHints":{"allow":["GET"]}}],"collection":[{"href":"https:\/\/parcolab.univ-tlse2.fr\/en\/wp-json\/wp\/v2\/pages"}],"about":[{"href":"https:\/\/parcolab.univ-tlse2.fr\/en\/wp-json\/wp\/v2\/types\/page"}],"author":[{"embeddable":true,"href":"https:\/\/parcolab.univ-tlse2.fr\/en\/wp-json\/wp\/v2\/users\/1"}],"replies":[{"embeddable":true,"href":"https:\/\/parcolab.univ-tlse2.fr\/en\/wp-json\/wp\/v2\/comments?post=1300"}],"version-history":[{"count":3,"href":"https:\/\/parcolab.univ-tlse2.fr\/en\/wp-json\/wp\/v2\/pages\/1300\/revisions"}],"predecessor-version":[{"id":2331,"href":"https:\/\/parcolab.univ-tlse2.fr\/en\/wp-json\/wp\/v2\/pages\/1300\/revisions\/2331"}],"up":[{"embeddable":true,"href":"https:\/\/parcolab.univ-tlse2.fr\/en\/wp-json\/wp\/v2\/pages\/40"}],"wp:attachment":[{"href":"https:\/\/parcolab.univ-tlse2.fr\/en\/wp-json\/wp\/v2\/media?parent=1300"}],"curies":[{"name":"wp","href":"https:\/\/api.w.org\/{rel}","templated":true}]}}